{"id":241,"date":"2023-02-22T14:36:54","date_gmt":"2023-02-22T14:36:54","guid":{"rendered":"https:\/\/dpe-energietechnik.de\/home\/?page_id=241"},"modified":"2023-02-22T14:49:56","modified_gmt":"2023-02-22T14:49:56","slug":"privatsphaere-einstellungen-aendern","status":"publish","type":"page","link":"https:\/\/dpe-energietechnik.de\/home\/datenschutz\/privatsphaere-einstellungen-aendern\/","title":{"rendered":"Privatsph\u00e4re-Einstellungen"},"content":{"rendered":"\t\t<div data-elementor-type=\"wp-page\" data-elementor-id=\"241\" class=\"elementor elementor-241\">\n\t\t\t\t\t\t<section class=\"elementor-section elementor-top-section elementor-element elementor-element-dfcc66d elementor-section-boxed elementor-section-height-default elementor-section-height-default\" data-id=\"dfcc66d\" data-element_type=\"section\" data-e-type=\"section\">\n\t\t\t\t\t\t<div class=\"elementor-container elementor-column-gap-default\">\n\t\t\t\t\t<div class=\"elementor-column elementor-col-100 elementor-top-column elementor-element elementor-element-4cc4bb8\" data-id=\"4cc4bb8\" data-element_type=\"column\" data-e-type=\"column\">\n\t\t\t<div class=\"elementor-widget-wrap elementor-element-populated\">\n\t\t\t\t\t\t<div class=\"elementor-element elementor-element-2f385a4 elementor-widget elementor-widget-text-editor\" data-id=\"2f385a4\" data-element_type=\"widget\" data-e-type=\"widget\" data-widget_type=\"text-editor.default\">\n\t\t\t\t<div class=\"elementor-widget-container\">\n\t\t\t\t\t\t\t\t\t<p>Hier k\u00f6nnen Sie ihre Privatsph\u00e4ren Einstellung \u00e4ndern.<\/p>\t\t\t\t\t\t\t\t<\/div>\n\t\t\t\t<\/div>\n\t\t\t\t\t<\/div>\n\t\t<\/div>\n\t\t\t\t\t<\/div>\n\t\t<\/section>\n\t\t\t\t<section class=\"elementor-section elementor-top-section elementor-element elementor-element-4c18922 elementor-section-boxed elementor-section-height-default elementor-section-height-default\" data-id=\"4c18922\" data-element_type=\"section\" data-e-type=\"section\">\n\t\t\t\t\t\t<div class=\"elementor-container elementor-column-gap-default\">\n\t\t\t\t\t<div class=\"elementor-column elementor-col-100 elementor-top-column elementor-element elementor-element-a78b67c\" data-id=\"a78b67c\" data-element_type=\"column\" data-e-type=\"column\">\n\t\t\t<div class=\"elementor-widget-wrap elementor-element-populated\">\n\t\t\t\t\t\t<div class=\"elementor-element elementor-element-1ac0b5e elementor-widget elementor-widget-text-editor\" data-id=\"1ac0b5e\" data-element_type=\"widget\" data-e-type=\"widget\" data-widget_type=\"text-editor.default\">\n\t\t\t\t<div class=\"elementor-widget-container\">\n\t\t\t\t\t\t\t\t\t<a href=\"#consent-change\" id=\"rcb-sc-link-change\" data-success-message=\"\" class=\"rcb-sc-link rcb-sc-link-change \">Privatsph\u00e4re-Einstellungen \u00e4ndern<\/a>\t\t\t\t\t\t\t\t<\/div>\n\t\t\t\t<\/div>\n\t\t\t\t\t<\/div>\n\t\t<\/div>\n\t\t\t\t\t<\/div>\n\t\t<\/section>\n\t\t\t\t<\/div>\n\t\t","protected":false},"excerpt":{"rendered":"<p>Hier k\u00f6nnen Sie ihre Privatsph\u00e4ren Einstellung \u00e4ndern.<\/p>\n","protected":false},"author":1,"featured_media":0,"parent":44,"menu_order":1,"comment_status":"closed","ping_status":"closed","template":"","meta":{"footnotes":""},"class_list":["post-241","page","type-page","status-publish","hentry"],"_links":{"self":[{"href":"https:\/\/dpe-energietechnik.de\/home\/wp-json\/wp\/v2\/pages\/241","targetHints":{"allow":["GET"]}}],"collection":[{"href":"https:\/\/dpe-energietechnik.de\/home\/wp-json\/wp\/v2\/pages"}],"about":[{"href":"https:\/\/dpe-energietechnik.de\/home\/wp-json\/wp\/v2\/types\/page"}],"author":[{"embeddable":true,"href":"https:\/\/dpe-energietechnik.de\/home\/wp-json\/wp\/v2\/users\/1"}],"replies":[{"embeddable":true,"href":"https:\/\/dpe-energietechnik.de\/home\/wp-json\/wp\/v2\/comments?post=241"}],"version-history":[{"count":17,"href":"https:\/\/dpe-energietechnik.de\/home\/wp-json\/wp\/v2\/pages\/241\/revisions"}],"predecessor-version":[{"id":262,"href":"https:\/\/dpe-energietechnik.de\/home\/wp-json\/wp\/v2\/pages\/241\/revisions\/262"}],"up":[{"embeddable":true,"href":"https:\/\/dpe-energietechnik.de\/home\/wp-json\/wp\/v2\/pages\/44"}],"wp:attachment":[{"href":"https:\/\/dpe-energietechnik.de\/home\/wp-json\/wp\/v2\/media?parent=241"}],"curies":[{"name":"wp","href":"https:\/\/api.w.org\/{rel}","templated":true}]}}