{"id":555,"date":"2023-02-24T07:51:59","date_gmt":"2023-02-24T07:51:59","guid":{"rendered":"https:\/\/dpe-energietechnik.de\/home\/?page_id=555"},"modified":"2023-07-25T13:02:17","modified_gmt":"2023-07-25T13:02:17","slug":"ueber-uns-2","status":"publish","type":"page","link":"https:\/\/dpe-energietechnik.de\/home\/ueber-uns-2\/","title":{"rendered":"\u00dcber uns"},"content":{"rendered":"\t\t<div data-elementor-type=\"wp-page\" data-elementor-id=\"555\" class=\"elementor elementor-555\">\n\t\t\t\t\t\t<section class=\"elementor-section elementor-top-section elementor-element elementor-element-46fd6d2a elementor-section-content-middle elementor-section-boxed elementor-section-height-default elementor-section-height-default\" data-id=\"46fd6d2a\" data-element_type=\"section\" data-e-type=\"section\">\n\t\t\t\t\t\t<div class=\"elementor-container elementor-column-gap-no\">\n\t\t\t\t\t<div class=\"elementor-column elementor-col-50 elementor-top-column elementor-element elementor-element-360ca54a\" data-id=\"360ca54a\" data-element_type=\"column\" data-e-type=\"column\">\n\t\t\t<div class=\"elementor-widget-wrap elementor-element-populated\">\n\t\t\t\t\t\t<div class=\"elementor-element elementor-element-4bf5ab50 elementor-widget elementor-widget-image\" data-id=\"4bf5ab50\" data-element_type=\"widget\" data-e-type=\"widget\" data-widget_type=\"image.default\">\n\t\t\t\t<div class=\"elementor-widget-container\">\n\t\t\t\t\t\t\t\t\t\t\t\t\t\t\t<img fetchpriority=\"high\" decoding=\"async\" width=\"2560\" height=\"1661\" src=\"https:\/\/dpe-energietechnik.de\/wp-content\/uploads\/2023\/05\/IMG_2960-Kopie-scaled.jpg\" class=\"attachment-full size-full wp-image-1898\" alt=\"\" srcset=\"https:\/\/dpe-energietechnik.de\/wp-content\/uploads\/2023\/05\/IMG_2960-Kopie-scaled.jpg 2560w, https:\/\/dpe-energietechnik.de\/wp-content\/uploads\/2023\/05\/IMG_2960-Kopie-300x195.jpg 300w, https:\/\/dpe-energietechnik.de\/wp-content\/uploads\/2023\/05\/IMG_2960-Kopie-1024x664.jpg 1024w, https:\/\/dpe-energietechnik.de\/wp-content\/uploads\/2023\/05\/IMG_2960-Kopie-768x498.jpg 768w, https:\/\/dpe-energietechnik.de\/wp-content\/uploads\/2023\/05\/IMG_2960-Kopie-1536x997.jpg 1536w, https:\/\/dpe-energietechnik.de\/wp-content\/uploads\/2023\/05\/IMG_2960-Kopie-2048x1329.jpg 2048w\" sizes=\"(max-width: 2560px) 100vw, 2560px\" \/>\t\t\t\t\t\t\t\t\t\t\t\t\t\t\t<\/div>\n\t\t\t\t<\/div>\n\t\t\t\t\t<\/div>\n\t\t<\/div>\n\t\t\t\t<div class=\"elementor-column elementor-col-50 elementor-top-column elementor-element elementor-element-207fe04c\" data-id=\"207fe04c\" data-element_type=\"column\" data-e-type=\"column\">\n\t\t\t<div class=\"elementor-widget-wrap elementor-element-populated\">\n\t\t\t\t\t\t<div class=\"elementor-element elementor-element-f59fc99 elementor-widget elementor-widget-heading\" data-id=\"f59fc99\" data-element_type=\"widget\" data-e-type=\"widget\" data-widget_type=\"heading.default\">\n\t\t\t\t<div class=\"elementor-widget-container\">\n\t\t\t\t\t<h2 class=\"elementor-heading-title elementor-size-default\">Das sind wir<\/h2>\t\t\t\t<\/div>\n\t\t\t\t<\/div>\n\t\t\t\t<div class=\"elementor-element elementor-element-bd6a995 elementor-widget elementor-widget-text-editor\" data-id=\"bd6a995\" data-element_type=\"widget\" data-e-type=\"widget\" data-widget_type=\"text-editor.default\">\n\t\t\t\t<div class=\"elementor-widget-container\">\n\t\t\t\t\t\t\t\t\t<p><span style=\"color: #4a4a4a; font-family: Arial, arial; font-size: 18px; font-style: normal; font-variant-ligatures: normal; font-variant-caps: normal; font-weight: 300; white-space: pre-wrap;\">DPE Energietechnik GbR ist ein Familien gef\u00fchrtes Unternehmen. Unsere St\u00e4rken liegen besonders im Anlagenbereich, Biogas und in Fernw\u00e4rmesysteme. <\/span><\/p>\t\t\t\t\t\t\t\t<\/div>\n\t\t\t\t<\/div>\n\t\t\t\t<div class=\"elementor-element elementor-element-0ed395d elementor-widget elementor-widget-heading\" data-id=\"0ed395d\" data-element_type=\"widget\" data-e-type=\"widget\" data-widget_type=\"heading.default\">\n\t\t\t\t<div class=\"elementor-widget-container\">\n\t\t\t\t\t<h2 class=\"elementor-heading-title elementor-size-default\">\u00d6ffnungszeiten<\/h2>\t\t\t\t<\/div>\n\t\t\t\t<\/div>\n\t\t\t\t<div class=\"elementor-element elementor-element-b102688 elementor-widget elementor-widget-text-editor\" data-id=\"b102688\" data-element_type=\"widget\" data-e-type=\"widget\" data-widget_type=\"text-editor.default\">\n\t\t\t\t<div class=\"elementor-widget-container\">\n\t\t\t\t\t\t\t\t\t<p><span style=\"color: #4a4a4a; font-family: Arial, arial;\"><span style=\"font-size: 18px; white-space: pre-wrap;\">Montag &#8211; Donnerstag <br><\/span><\/span><span style=\"color: rgb(74, 74, 74);\"><span style=\"font-size: 18px; white-space: pre-wrap;\"><font face=\"Arial, arial\">08:00 &#8211; 13:00 <br>Uhr 13:30 &#8211; 16:00 Uhr <br>Freitag nach Terminvereinbarung\n<\/font><\/span><\/span><span style=\"font-size: 18px; white-space-collapse: preserve; color: rgb(74, 74, 74);\">B\u00fcro geschlossen<\/span><\/p>\t\t\t\t\t\t\t\t<\/div>\n\t\t\t\t<\/div>\n\t\t\t\t<div class=\"elementor-element elementor-element-0f824a1 elementor-widget elementor-widget-heading\" data-id=\"0f824a1\" data-element_type=\"widget\" data-e-type=\"widget\" data-widget_type=\"heading.default\">\n\t\t\t\t<div class=\"elementor-widget-container\">\n\t\t\t\t\t<h2 class=\"elementor-heading-title elementor-size-default\">Kontakt B\u00fcro<\/h2>\t\t\t\t<\/div>\n\t\t\t\t<\/div>\n\t\t\t\t<div class=\"elementor-element elementor-element-e2773d4 elementor-widget elementor-widget-text-editor\" data-id=\"e2773d4\" data-element_type=\"widget\" data-e-type=\"widget\" data-widget_type=\"text-editor.default\">\n\t\t\t\t<div class=\"elementor-widget-container\">\n\t\t\t\t\t\t\t\t\t<p><span style=\"color: #4a4a4a; font-family: Arial, arial;\"><span style=\"font-size: 18px; white-space: pre-wrap;\">Zur Bleiche 44a<br \/><\/span><\/span><span style=\"font-size: 18px; white-space: pre-wrap; color: #4a4a4a;\">24941 Flensburg<\/span><\/p><p><span style=\"color: #4a4a4a; font-family: Arial, arial;\"><span style=\"font-size: 18px; white-space: pre-wrap;\">Info@dpe-energietchnik.de<br \/>+ 49 461 500 899 90<\/span><\/span><\/p>\t\t\t\t\t\t\t\t<\/div>\n\t\t\t\t<\/div>\n\t\t\t\t<div class=\"elementor-element elementor-element-bf0f4f4 elementor-widget elementor-widget-text-editor\" data-id=\"bf0f4f4\" data-element_type=\"widget\" data-e-type=\"widget\" data-widget_type=\"text-editor.default\">\n\t\t\t\t<div class=\"elementor-widget-container\">\n\t\t\t\t\t\t\t\t\t<p><strong>Wir freuen uns auf Ihren Besuch.<\/strong><\/p>\t\t\t\t\t\t\t\t<\/div>\n\t\t\t\t<\/div>\n\t\t\t\t\t<\/div>\n\t\t<\/div>\n\t\t\t\t\t<\/div>\n\t\t<\/section>\n\t\t\t\t<section class=\"elementor-section elementor-top-section elementor-element elementor-element-c93228d elementor-section-boxed elementor-section-height-default elementor-section-height-default\" data-id=\"c93228d\" data-element_type=\"section\" data-e-type=\"section\">\n\t\t\t\t\t\t<div class=\"elementor-container elementor-column-gap-default\">\n\t\t\t\t\t<div class=\"elementor-column elementor-col-100 elementor-top-column elementor-element elementor-element-c668377\" data-id=\"c668377\" data-element_type=\"column\" data-e-type=\"column\">\n\t\t\t<div class=\"elementor-widget-wrap elementor-element-populated\">\n\t\t\t\t\t\t<div class=\"elementor-element elementor-element-4fcd5a8 elementor-widget elementor-widget-spacer\" data-id=\"4fcd5a8\" data-element_type=\"widget\" data-e-type=\"widget\" data-widget_type=\"spacer.default\">\n\t\t\t\t<div class=\"elementor-widget-container\">\n\t\t\t\t\t\t\t<div class=\"elementor-spacer\">\n\t\t\t<div class=\"elementor-spacer-inner\"><\/div>\n\t\t<\/div>\n\t\t\t\t\t\t<\/div>\n\t\t\t\t<\/div>\n\t\t\t\t\t<\/div>\n\t\t<\/div>\n\t\t\t\t\t<\/div>\n\t\t<\/section>\n\t\t\t\t<section class=\"elementor-section elementor-top-section elementor-element elementor-element-0d895f1 elementor-section-boxed elementor-section-height-default elementor-section-height-default\" data-id=\"0d895f1\" data-element_type=\"section\" data-e-type=\"section\" data-settings=\"{&quot;background_background&quot;:&quot;classic&quot;}\">\n\t\t\t\t\t\t<div class=\"elementor-container elementor-column-gap-default\">\n\t\t\t\t\t<div class=\"elementor-column elementor-col-33 elementor-top-column elementor-element elementor-element-aa1bbb4\" data-id=\"aa1bbb4\" data-element_type=\"column\" data-e-type=\"column\">\n\t\t\t<div class=\"elementor-widget-wrap elementor-element-populated\">\n\t\t\t\t\t\t<div class=\"elementor-element elementor-element-72dc13f elementor-widget elementor-widget-image\" data-id=\"72dc13f\" data-element_type=\"widget\" data-e-type=\"widget\" data-widget_type=\"image.default\">\n\t\t\t\t<div class=\"elementor-widget-container\">\n\t\t\t\t\t\t\t\t\t\t\t\t\t\t\t<img decoding=\"async\" width=\"731\" height=\"1045\" src=\"https:\/\/dpe-energietechnik.de\/wp-content\/uploads\/2023\/05\/eta-phillip.png\" class=\"attachment-medium_large size-medium_large wp-image-1796\" alt=\"\" srcset=\"https:\/\/dpe-energietechnik.de\/wp-content\/uploads\/2023\/05\/eta-phillip.png 731w, https:\/\/dpe-energietechnik.de\/wp-content\/uploads\/2023\/05\/eta-phillip-210x300.png 210w, https:\/\/dpe-energietechnik.de\/wp-content\/uploads\/2023\/05\/eta-phillip-716x1024.png 716w\" sizes=\"(max-width: 731px) 100vw, 731px\" \/>\t\t\t\t\t\t\t\t\t\t\t\t\t\t\t<\/div>\n\t\t\t\t<\/div>\n\t\t\t\t\t<\/div>\n\t\t<\/div>\n\t\t\t\t<div class=\"elementor-column elementor-col-66 elementor-top-column elementor-element elementor-element-6ce7411\" data-id=\"6ce7411\" data-element_type=\"column\" data-e-type=\"column\">\n\t\t\t<div class=\"elementor-widget-wrap elementor-element-populated\">\n\t\t\t\t\t\t<div class=\"elementor-element elementor-element-d1a3dc3 elementor-widget elementor-widget-spacer\" data-id=\"d1a3dc3\" data-element_type=\"widget\" data-e-type=\"widget\" data-widget_type=\"spacer.default\">\n\t\t\t\t<div class=\"elementor-widget-container\">\n\t\t\t\t\t\t\t<div class=\"elementor-spacer\">\n\t\t\t<div class=\"elementor-spacer-inner\"><\/div>\n\t\t<\/div>\n\t\t\t\t\t\t<\/div>\n\t\t\t\t<\/div>\n\t\t\t\t<div class=\"elementor-element elementor-element-f3e975c elementor-widget elementor-widget-heading\" data-id=\"f3e975c\" data-element_type=\"widget\" data-e-type=\"widget\" data-widget_type=\"heading.default\">\n\t\t\t\t<div class=\"elementor-widget-container\">\n\t\t\t\t\t<h2 class=\"elementor-heading-title elementor-size-default\">Zertifikat\n,,autorisierter Partner\"<\/h2>\t\t\t\t<\/div>\n\t\t\t\t<\/div>\n\t\t\t\t<div class=\"elementor-element elementor-element-b3f1973 elementor-widget elementor-widget-text-editor\" data-id=\"b3f1973\" data-element_type=\"widget\" data-e-type=\"widget\" data-widget_type=\"text-editor.default\">\n\t\t\t\t<div class=\"elementor-widget-container\">\n\t\t\t\t\t\t\t\t\t<p>Als offizieller ETA Partner d\u00fcrfen wir s\u00e4mtliche Montagen, sowie Inbetriebnahmen und Wartungst\u00e4tigkeiten in Namen der Firma <strong>ETA Heiztechnik GmbH <\/strong>durchf\u00fchren.\u00a0<\/p><p>Es tritt automatisch eine verl\u00e4ngerte Garantie laut den Allgemeinen Garantie- und Gew\u00e4hrleistungsbedingungen der Firma <strong>ETA Heiztechnik GmbH<\/strong> in Kraft.<\/p><p><a href=\"https:\/\/dpe-energietechnik.de\/wp-content\/uploads\/2023\/05\/ETA-Zertifikat-Phillip-Ebsen.pdf\">ETA Zertifikat Phillip Ebsen<\/a><\/p>\t\t\t\t\t\t\t\t<\/div>\n\t\t\t\t<\/div>\n\t\t\t\t\t<\/div>\n\t\t<\/div>\n\t\t\t\t\t<\/div>\n\t\t<\/section>\n\t\t\t\t<section class=\"elementor-section elementor-top-section elementor-element elementor-element-fe0951c elementor-section-boxed elementor-section-height-default elementor-section-height-default\" data-id=\"fe0951c\" data-element_type=\"section\" data-e-type=\"section\">\n\t\t\t\t\t\t<div class=\"elementor-container elementor-column-gap-default\">\n\t\t\t\t\t<div class=\"elementor-column elementor-col-100 elementor-top-column elementor-element elementor-element-626576c\" data-id=\"626576c\" data-element_type=\"column\" data-e-type=\"column\">\n\t\t\t<div class=\"elementor-widget-wrap elementor-element-populated\">\n\t\t\t\t\t\t<div class=\"elementor-element elementor-element-ee60fdf elementor-widget elementor-widget-spacer\" data-id=\"ee60fdf\" data-element_type=\"widget\" data-e-type=\"widget\" data-widget_type=\"spacer.default\">\n\t\t\t\t<div class=\"elementor-widget-container\">\n\t\t\t\t\t\t\t<div class=\"elementor-spacer\">\n\t\t\t<div class=\"elementor-spacer-inner\"><\/div>\n\t\t<\/div>\n\t\t\t\t\t\t<\/div>\n\t\t\t\t<\/div>\n\t\t\t\t\t<\/div>\n\t\t<\/div>\n\t\t\t\t\t<\/div>\n\t\t<\/section>\n\t\t\t\t<section class=\"elementor-section elementor-top-section elementor-element elementor-element-6050019 elementor-section-boxed elementor-section-height-default elementor-section-height-default\" data-id=\"6050019\" data-element_type=\"section\" data-e-type=\"section\">\n\t\t\t\t\t\t<div class=\"elementor-container elementor-column-gap-default\">\n\t\t\t\t\t<div class=\"elementor-column elementor-col-100 elementor-top-column elementor-element elementor-element-5414a54\" data-id=\"5414a54\" data-element_type=\"column\" data-e-type=\"column\">\n\t\t\t<div class=\"elementor-widget-wrap\">\n\t\t\t\t\t\t\t<\/div>\n\t\t<\/div>\n\t\t\t\t\t<\/div>\n\t\t<\/section>\n\t\t\t\t<section class=\"elementor-section elementor-top-section elementor-element elementor-element-17bb7e1 elementor-section-boxed elementor-section-height-default elementor-section-height-default\" data-id=\"17bb7e1\" data-element_type=\"section\" data-e-type=\"section\">\n\t\t\t\t\t\t<div class=\"elementor-container elementor-column-gap-default\">\n\t\t\t\t\t<div class=\"elementor-column elementor-col-50 elementor-top-column elementor-element elementor-element-848fb02\" data-id=\"848fb02\" data-element_type=\"column\" data-e-type=\"column\">\n\t\t\t<div class=\"elementor-widget-wrap elementor-element-populated\">\n\t\t\t\t\t\t<div class=\"elementor-element elementor-element-303bbde elementor-widget elementor-widget-image\" data-id=\"303bbde\" data-element_type=\"widget\" data-e-type=\"widget\" data-widget_type=\"image.default\">\n\t\t\t\t<div class=\"elementor-widget-container\">\n\t\t\t\t\t\t\t\t\t\t\t\t\t\t\t<img decoding=\"async\" width=\"768\" height=\"576\" src=\"https:\/\/dpe-energietechnik.de\/wp-content\/uploads\/2023\/07\/b-1024x768.jpg\" class=\"attachment-large size-large wp-image-1937\" alt=\"\" srcset=\"https:\/\/dpe-energietechnik.de\/wp-content\/uploads\/2023\/07\/b-1024x768.jpg 1024w, https:\/\/dpe-energietechnik.de\/wp-content\/uploads\/2023\/07\/b-300x225.jpg 300w, https:\/\/dpe-energietechnik.de\/wp-content\/uploads\/2023\/07\/b-768x576.jpg 768w, https:\/\/dpe-energietechnik.de\/wp-content\/uploads\/2023\/07\/b-1536x1152.jpg 1536w, https:\/\/dpe-energietechnik.de\/wp-content\/uploads\/2023\/07\/b-2048x1536.jpg 2048w\" sizes=\"(max-width: 768px) 100vw, 768px\" \/>\t\t\t\t\t\t\t\t\t\t\t\t\t\t\t<\/div>\n\t\t\t\t<\/div>\n\t\t\t\t\t<\/div>\n\t\t<\/div>\n\t\t\t\t<div class=\"elementor-column elementor-col-50 elementor-top-column elementor-element elementor-element-a97a9d0\" data-id=\"a97a9d0\" data-element_type=\"column\" data-e-type=\"column\">\n\t\t\t<div class=\"elementor-widget-wrap elementor-element-populated\">\n\t\t\t\t\t\t<div class=\"elementor-element elementor-element-1a85f88 elementor-widget elementor-widget-heading\" data-id=\"1a85f88\" data-element_type=\"widget\" data-e-type=\"widget\" data-widget_type=\"heading.default\">\n\t\t\t\t<div class=\"elementor-widget-container\">\n\t\t\t\t\t<h2 class=\"elementor-heading-title elementor-size-default\">Projekt Gut Altenhof<\/h2>\t\t\t\t<\/div>\n\t\t\t\t<\/div>\n\t\t\t\t<div class=\"elementor-element elementor-element-9f2c4de elementor-widget elementor-widget-spacer\" data-id=\"9f2c4de\" data-element_type=\"widget\" data-e-type=\"widget\" data-widget_type=\"spacer.default\">\n\t\t\t\t<div class=\"elementor-widget-container\">\n\t\t\t\t\t\t\t<div class=\"elementor-spacer\">\n\t\t\t<div class=\"elementor-spacer-inner\"><\/div>\n\t\t<\/div>\n\t\t\t\t\t\t<\/div>\n\t\t\t\t<\/div>\n\t\t\t\t<div class=\"elementor-element elementor-element-5e92027 elementor-widget elementor-widget-text-editor\" data-id=\"5e92027\" data-element_type=\"widget\" data-e-type=\"widget\" data-widget_type=\"text-editor.default\">\n\t\t\t\t<div class=\"elementor-widget-container\">\n\t\t\t\t\t\t\t\t\t<p>Auf Gut Altenhof haben wir zwei ETA eHack-Anlagen mit einer Leistung von jeweils 139,9 kW verbaut.<\/p><p>Gut Altenhof hat mehrere Anlagen die zu beheizen sind. Dazu geh\u00f6rt das Haupthaus, die Golfplatzanlage und mehrere Nebengeb\u00e4ude.\u00a0<\/p><p>Bei unseren Referenzen erhalten Sie einen Einblick auf Gut Altenhof und die verbauten ETA eHack-Anlagen.\u00a0<\/p>\t\t\t\t\t\t\t\t<\/div>\n\t\t\t\t<\/div>\n\t\t\t\t<div class=\"elementor-element elementor-element-c398efb elementor-widget elementor-widget-spacer\" data-id=\"c398efb\" data-element_type=\"widget\" data-e-type=\"widget\" data-widget_type=\"spacer.default\">\n\t\t\t\t<div class=\"elementor-widget-container\">\n\t\t\t\t\t\t\t<div class=\"elementor-spacer\">\n\t\t\t<div class=\"elementor-spacer-inner\"><\/div>\n\t\t<\/div>\n\t\t\t\t\t\t<\/div>\n\t\t\t\t<\/div>\n\t\t\t\t<div class=\"elementor-element elementor-element-13414db elementor-align-center elementor-widget elementor-widget-button\" data-id=\"13414db\" data-element_type=\"widget\" data-e-type=\"widget\" data-widget_type=\"button.default\">\n\t\t\t\t<div class=\"elementor-widget-container\">\n\t\t\t\t\t\t\t\t\t<div class=\"elementor-button-wrapper\">\n\t\t\t\t\t<a class=\"elementor-button elementor-button-link elementor-size-lg\" href=\"https:\/\/dpe-energietechnik.de\/home\/referenzen\/\">\n\t\t\t\t\t\t<span class=\"elementor-button-content-wrapper\">\n\t\t\t\t\t\t<span class=\"elementor-button-icon\">\n\t\t\t\t<i aria-hidden=\"true\" class=\"fas fa-angle-right\"><\/i>\t\t\t<\/span>\n\t\t\t\t\t\t\t\t\t<span class=\"elementor-button-text\">Mehr \u00fcber Referenzen<\/span>\n\t\t\t\t\t<\/span>\n\t\t\t\t\t<\/a>\n\t\t\t\t<\/div>\n\t\t\t\t\t\t\t\t<\/div>\n\t\t\t\t<\/div>\n\t\t\t\t\t<\/div>\n\t\t<\/div>\n\t\t\t\t\t<\/div>\n\t\t<\/section>\n\t\t\t\t<section class=\"elementor-section elementor-top-section elementor-element elementor-element-9949e20 elementor-section-boxed elementor-section-height-default elementor-section-height-default\" data-id=\"9949e20\" data-element_type=\"section\" data-e-type=\"section\">\n\t\t\t\t\t\t<div class=\"elementor-container elementor-column-gap-default\">\n\t\t\t\t\t<div class=\"elementor-column elementor-col-100 elementor-top-column elementor-element elementor-element-6b71e55\" data-id=\"6b71e55\" data-element_type=\"column\" data-e-type=\"column\">\n\t\t\t<div class=\"elementor-widget-wrap elementor-element-populated\">\n\t\t\t\t\t\t<div class=\"elementor-element elementor-element-9358ee7 elementor-widget elementor-widget-spacer\" data-id=\"9358ee7\" data-element_type=\"widget\" data-e-type=\"widget\" data-widget_type=\"spacer.default\">\n\t\t\t\t<div class=\"elementor-widget-container\">\n\t\t\t\t\t\t\t<div class=\"elementor-spacer\">\n\t\t\t<div class=\"elementor-spacer-inner\"><\/div>\n\t\t<\/div>\n\t\t\t\t\t\t<\/div>\n\t\t\t\t<\/div>\n\t\t\t\t\t<\/div>\n\t\t<\/div>\n\t\t\t\t\t<\/div>\n\t\t<\/section>\n\t\t\t\t<\/div>\n\t\t","protected":false},"excerpt":{"rendered":"<p>Das sind wir DPE Energietechnik GbR ist ein Familien gef\u00fchrtes Unternehmen. Unsere St\u00e4rken liegen besonders im Anlagenbereich, Biogas und in Fernw\u00e4rmesysteme. \u00d6ffnungszeiten Montag &#8211; Donnerstag 08:00 &#8211; 13:00 Uhr 13:30 [&hellip;]<\/p>\n","protected":false},"author":1,"featured_media":0,"parent":0,"menu_order":0,"comment_status":"closed","ping_status":"closed","template":"elementor_header_footer","meta":{"footnotes":""},"class_list":["post-555","page","type-page","status-publish","hentry"],"_links":{"self":[{"href":"https:\/\/dpe-energietechnik.de\/home\/wp-json\/wp\/v2\/pages\/555","targetHints":{"allow":["GET"]}}],"collection":[{"href":"https:\/\/dpe-energietechnik.de\/home\/wp-json\/wp\/v2\/pages"}],"about":[{"href":"https:\/\/dpe-energietechnik.de\/home\/wp-json\/wp\/v2\/types\/page"}],"author":[{"embeddable":true,"href":"https:\/\/dpe-energietechnik.de\/home\/wp-json\/wp\/v2\/users\/1"}],"replies":[{"embeddable":true,"href":"https:\/\/dpe-energietechnik.de\/home\/wp-json\/wp\/v2\/comments?post=555"}],"version-history":[{"count":97,"href":"https:\/\/dpe-energietechnik.de\/home\/wp-json\/wp\/v2\/pages\/555\/revisions"}],"predecessor-version":[{"id":1955,"href":"https:\/\/dpe-energietechnik.de\/home\/wp-json\/wp\/v2\/pages\/555\/revisions\/1955"}],"wp:attachment":[{"href":"https:\/\/dpe-energietechnik.de\/home\/wp-json\/wp\/v2\/media?parent=555"}],"curies":[{"name":"wp","href":"https:\/\/api.w.org\/{rel}","templated":true}]}}