{"id":571,"date":"2023-02-27T11:12:18","date_gmt":"2023-02-27T11:12:18","guid":{"rendered":"https:\/\/dpe-energietechnik.de\/home\/?page_id=571"},"modified":"2023-03-31T09:15:24","modified_gmt":"2023-03-31T09:15:24","slug":"heizungssysteme","status":"publish","type":"page","link":"https:\/\/dpe-energietechnik.de\/home\/heizungssysteme\/","title":{"rendered":"Heizungssysteme"},"content":{"rendered":"\t\t<div data-elementor-type=\"wp-page\" data-elementor-id=\"571\" class=\"elementor elementor-571\">\n\t\t\t\t\t\t<section class=\"elementor-section elementor-top-section elementor-element elementor-element-7a105c0 elementor-section-boxed elementor-section-height-default elementor-section-height-default\" data-id=\"7a105c0\" data-element_type=\"section\" data-e-type=\"section\">\n\t\t\t\t\t\t<div class=\"elementor-container elementor-column-gap-default\">\n\t\t\t\t\t<div class=\"elementor-column elementor-col-100 elementor-top-column elementor-element elementor-element-c4de0f6\" data-id=\"c4de0f6\" data-element_type=\"column\" data-e-type=\"column\">\n\t\t\t<div class=\"elementor-widget-wrap elementor-element-populated\">\n\t\t\t\t\t\t<div class=\"elementor-element elementor-element-df7d118 elementor-widget elementor-widget-text-editor\" data-id=\"df7d118\" data-element_type=\"widget\" data-e-type=\"widget\" data-widget_type=\"text-editor.default\">\n\t\t\t\t<div class=\"elementor-widget-container\">\n\t\t\t\t\t\t\t\t\t<p>Eine Heizungsanlage die zu ihnen passt. <br \/>Entdecken Sie individuelle Heizungssysteme, abgestimmt f\u00fcr ihr Geb\u00e4ude. <br \/>Mit ETA Heizungstechnik GmbH haben Sie nicht nur modernste Technik, sondern schaffen nachhaltig und umweltfreundlich Energie.\u00a0<\/p>\t\t\t\t\t\t\t\t<\/div>\n\t\t\t\t<\/div>\n\t\t\t\t\t<\/div>\n\t\t<\/div>\n\t\t\t\t\t<\/div>\n\t\t<\/section>\n\t\t\t\t<section class=\"elementor-section elementor-top-section elementor-element elementor-element-f01e30b elementor-section-boxed elementor-section-height-default elementor-section-height-default\" data-id=\"f01e30b\" data-element_type=\"section\" data-e-type=\"section\">\n\t\t\t\t\t\t<div class=\"elementor-container elementor-column-gap-default\">\n\t\t\t\t\t<div class=\"elementor-column elementor-col-100 elementor-top-column elementor-element elementor-element-35741d3\" data-id=\"35741d3\" data-element_type=\"column\" data-e-type=\"column\">\n\t\t\t<div class=\"elementor-widget-wrap elementor-element-populated\">\n\t\t\t\t\t\t<div class=\"elementor-element elementor-element-ce06e3e elementor-widget elementor-widget-spacer\" data-id=\"ce06e3e\" data-element_type=\"widget\" data-e-type=\"widget\" data-widget_type=\"spacer.default\">\n\t\t\t\t<div class=\"elementor-widget-container\">\n\t\t\t\t\t\t\t<div class=\"elementor-spacer\">\n\t\t\t<div class=\"elementor-spacer-inner\"><\/div>\n\t\t<\/div>\n\t\t\t\t\t\t<\/div>\n\t\t\t\t<\/div>\n\t\t\t\t\t<\/div>\n\t\t<\/div>\n\t\t\t\t\t<\/div>\n\t\t<\/section>\n\t\t\t\t<section class=\"elementor-section elementor-top-section elementor-element elementor-element-207422c elementor-section-boxed elementor-section-height-default elementor-section-height-default\" data-id=\"207422c\" data-element_type=\"section\" data-e-type=\"section\">\n\t\t\t\t\t\t<div class=\"elementor-container elementor-column-gap-default\">\n\t\t\t\t\t<div class=\"elementor-column elementor-col-100 elementor-top-column elementor-element elementor-element-117c528\" data-id=\"117c528\" data-element_type=\"column\" data-e-type=\"column\">\n\t\t\t<div class=\"elementor-widget-wrap elementor-element-populated\">\n\t\t\t\t\t\t<div class=\"elementor-element elementor-element-3d065be elementor-widget-divider--view-line elementor-widget elementor-widget-divider\" data-id=\"3d065be\" data-element_type=\"widget\" data-e-type=\"widget\" data-widget_type=\"divider.default\">\n\t\t\t\t<div class=\"elementor-widget-container\">\n\t\t\t\t\t\t\t<div class=\"elementor-divider\">\n\t\t\t<span class=\"elementor-divider-separator\">\n\t\t\t\t\t\t<\/span>\n\t\t<\/div>\n\t\t\t\t\t\t<\/div>\n\t\t\t\t<\/div>\n\t\t\t\t\t<\/div>\n\t\t<\/div>\n\t\t\t\t\t<\/div>\n\t\t<\/section>\n\t\t\t\t<section class=\"elementor-section elementor-top-section elementor-element elementor-element-043838f elementor-section-boxed elementor-section-height-default elementor-section-height-default\" data-id=\"043838f\" data-element_type=\"section\" data-e-type=\"section\">\n\t\t\t\t\t\t<div class=\"elementor-container elementor-column-gap-default\">\n\t\t\t\t\t<div class=\"elementor-column elementor-col-50 elementor-top-column elementor-element elementor-element-555d760\" data-id=\"555d760\" data-element_type=\"column\" data-e-type=\"column\">\n\t\t\t<div class=\"elementor-widget-wrap elementor-element-populated\">\n\t\t\t\t\t\t<div class=\"elementor-element elementor-element-327358b elementor-widget elementor-widget-spacer\" data-id=\"327358b\" data-element_type=\"widget\" data-e-type=\"widget\" data-widget_type=\"spacer.default\">\n\t\t\t\t<div class=\"elementor-widget-container\">\n\t\t\t\t\t\t\t<div class=\"elementor-spacer\">\n\t\t\t<div class=\"elementor-spacer-inner\"><\/div>\n\t\t<\/div>\n\t\t\t\t\t\t<\/div>\n\t\t\t\t<\/div>\n\t\t\t\t<div class=\"elementor-element elementor-element-d059f7a elementor-widget elementor-widget-image\" data-id=\"d059f7a\" data-element_type=\"widget\" data-e-type=\"widget\" data-widget_type=\"image.default\">\n\t\t\t\t<div class=\"elementor-widget-container\">\n\t\t\t\t\t\t\t\t\t\t\t\t\t\t\t<img fetchpriority=\"high\" decoding=\"async\" width=\"287\" height=\"300\" src=\"https:\/\/dpe-energietechnik.de\/wp-content\/uploads\/2023\/03\/ETA_PU_DE-287x300.png\" class=\"attachment-medium size-medium wp-image-1505\" alt=\"\" srcset=\"https:\/\/dpe-energietechnik.de\/wp-content\/uploads\/2023\/03\/ETA_PU_DE-287x300.png 287w, https:\/\/dpe-energietechnik.de\/wp-content\/uploads\/2023\/03\/ETA_PU_DE-978x1024.png 978w, https:\/\/dpe-energietechnik.de\/wp-content\/uploads\/2023\/03\/ETA_PU_DE-768x804.png 768w, https:\/\/dpe-energietechnik.de\/wp-content\/uploads\/2023\/03\/ETA_PU_DE.png 1000w\" sizes=\"(max-width: 287px) 100vw, 287px\" \/>\t\t\t\t\t\t\t\t\t\t\t\t\t\t\t<\/div>\n\t\t\t\t<\/div>\n\t\t\t\t\t<\/div>\n\t\t<\/div>\n\t\t\t\t<div class=\"elementor-column elementor-col-50 elementor-top-column elementor-element elementor-element-44d1e18\" data-id=\"44d1e18\" data-element_type=\"column\" data-e-type=\"column\">\n\t\t\t<div class=\"elementor-widget-wrap elementor-element-populated\">\n\t\t\t\t\t\t<div class=\"elementor-element elementor-element-01b496c elementor-widget elementor-widget-heading\" data-id=\"01b496c\" data-element_type=\"widget\" data-e-type=\"widget\" data-widget_type=\"heading.default\">\n\t\t\t\t<div class=\"elementor-widget-container\">\n\t\t\t\t\t<h2 class=\"elementor-heading-title elementor-size-default\">Pelletskessel<\/h2>\t\t\t\t<\/div>\n\t\t\t\t<\/div>\n\t\t\t\t<div class=\"elementor-element elementor-element-a0fabcc elementor-widget elementor-widget-text-editor\" data-id=\"a0fabcc\" data-element_type=\"widget\" data-e-type=\"widget\" data-widget_type=\"text-editor.default\">\n\t\t\t\t<div class=\"elementor-widget-container\">\n\t\t\t\t\t\t\t\t\t<h2 class=\"elementor-heading-title elementor-size-default elementor-inline-editing pen\" style=\"font-family: Arial, sans-serif; font-variant-caps: normal; font-size: 21px; font-style: normal; font-weight: 600; text-align: center;\" data-elementor-setting-key=\"title\" data-pen-placeholder=\"Eingabe hier...\">ETA PelletsUnit 7 kW, 11 kW, 15 kW<\/h2><div><p>Die Pellets sind kleine Power Energier\u00f6llchen aus gepressten Holznebenprodukten. Im Vergleich zu \u00d6l- oder Gasanlagen wird das Klima mit dem verbrennen von Pellets kaum belastet. Ein Baum nimmt beim Wachsen genauso viel Co2 auf, wie er sp\u00e4ter bei der Verbrennung ausst\u00f6\u00dft. Die Ressourcen werden sinnvoll genutzt.<\/p><\/div>\t\t\t\t\t\t\t\t<\/div>\n\t\t\t\t<\/div>\n\t\t\t\t<div class=\"elementor-element elementor-element-f766ca2 elementor-align-center elementor-widget elementor-widget-button\" data-id=\"f766ca2\" data-element_type=\"widget\" data-e-type=\"widget\" data-widget_type=\"button.default\">\n\t\t\t\t<div class=\"elementor-widget-container\">\n\t\t\t\t\t\t\t\t\t<div class=\"elementor-button-wrapper\">\n\t\t\t\t\t<a class=\"elementor-button elementor-button-link elementor-size-sm\" href=\"https:\/\/dpe-energietechnik.de\/home\/pellet\/\">\n\t\t\t\t\t\t<span class=\"elementor-button-content-wrapper\">\n\t\t\t\t\t\t<span class=\"elementor-button-icon\">\n\t\t\t\t<i aria-hidden=\"true\" class=\"fas fa-angle-right\"><\/i>\t\t\t<\/span>\n\t\t\t\t\t\t\t\t\t<span class=\"elementor-button-text\">hier entdecken<\/span>\n\t\t\t\t\t<\/span>\n\t\t\t\t\t<\/a>\n\t\t\t\t<\/div>\n\t\t\t\t\t\t\t\t<\/div>\n\t\t\t\t<\/div>\n\t\t\t\t\t<\/div>\n\t\t<\/div>\n\t\t\t\t\t<\/div>\n\t\t<\/section>\n\t\t\t\t<section class=\"elementor-section elementor-top-section elementor-element elementor-element-d474fd5 elementor-section-boxed elementor-section-height-default elementor-section-height-default\" data-id=\"d474fd5\" data-element_type=\"section\" data-e-type=\"section\">\n\t\t\t\t\t\t<div class=\"elementor-container elementor-column-gap-default\">\n\t\t\t\t\t<div class=\"elementor-column elementor-col-100 elementor-top-column elementor-element elementor-element-0634cec\" data-id=\"0634cec\" data-element_type=\"column\" data-e-type=\"column\">\n\t\t\t<div class=\"elementor-widget-wrap elementor-element-populated\">\n\t\t\t\t\t\t<div class=\"elementor-element elementor-element-ae4bfa0 elementor-widget-divider--view-line elementor-widget elementor-widget-divider\" data-id=\"ae4bfa0\" data-element_type=\"widget\" data-e-type=\"widget\" data-widget_type=\"divider.default\">\n\t\t\t\t<div class=\"elementor-widget-container\">\n\t\t\t\t\t\t\t<div class=\"elementor-divider\">\n\t\t\t<span class=\"elementor-divider-separator\">\n\t\t\t\t\t\t<\/span>\n\t\t<\/div>\n\t\t\t\t\t\t<\/div>\n\t\t\t\t<\/div>\n\t\t\t\t\t<\/div>\n\t\t<\/div>\n\t\t\t\t\t<\/div>\n\t\t<\/section>\n\t\t\t\t<section class=\"elementor-section elementor-top-section elementor-element elementor-element-4591de3 elementor-section-boxed elementor-section-height-default elementor-section-height-default\" data-id=\"4591de3\" data-element_type=\"section\" data-e-type=\"section\">\n\t\t\t\t\t\t<div class=\"elementor-container elementor-column-gap-default\">\n\t\t\t\t\t<div class=\"elementor-column elementor-col-50 elementor-top-column elementor-element elementor-element-d3ef47f\" data-id=\"d3ef47f\" data-element_type=\"column\" data-e-type=\"column\">\n\t\t\t<div class=\"elementor-widget-wrap elementor-element-populated\">\n\t\t\t\t\t\t<div class=\"elementor-element elementor-element-e93c0c2 elementor-widget elementor-widget-text-editor\" data-id=\"e93c0c2\" data-element_type=\"widget\" data-e-type=\"widget\" data-widget_type=\"text-editor.default\">\n\t\t\t\t<div class=\"elementor-widget-container\">\n\t\t\t\t\t\t\t\t\t<p style=\"text-align: center;\"><strong>Hackgutkessel<\/strong><\/p>\t\t\t\t\t\t\t\t<\/div>\n\t\t\t\t<\/div>\n\t\t\t\t<div class=\"elementor-element elementor-element-5b8bdc6 elementor-widget elementor-widget-text-editor\" data-id=\"5b8bdc6\" data-element_type=\"widget\" data-e-type=\"widget\" data-widget_type=\"text-editor.default\">\n\t\t\t\t<div class=\"elementor-widget-container\">\n\t\t\t\t\t\t\t\t\t<p style=\"text-align: center;\"><strong>ETA eHACK 20 bis 240 kW<\/strong><br \/><strong>ETA Hack VR 250 bis 500 kW<br \/><\/strong><\/p><div><p>Der\u00a0<strong>ETA eHack<\/strong><span class=\"apple-converted-space\">\u00a0<\/span>Kessel\u00a0ist f\u00fcr die Landwirtschaft und Unternehmen geeignet.\u00a0Die Leistung des Kessels liegt bei\u00a020 kW bis 240 kW. F\u00fcr ein effizientes Heiz-und Warmwassersystem sorgt die Schaltzentrale.\u00a0<\/p><\/div><div><p>Der<span class=\"apple-converted-space\">\u00a0<\/span><strong>\u00a0ETA eHack\u00a0<\/strong>Kessel ist kompatibel mit einer\u00a0Solaranlage, Warmwasserbereitungsanlage und einem Pufferspeicher mit Frischwassermodul. Die W\u00e4rme k\u00f6nnen Sie mit Radiatoren, oder \u00fcber eine Fu\u00dfbodenheizung oder Wandheizung \u00fcbertragen.<\/p><\/div>\t\t\t\t\t\t\t\t<\/div>\n\t\t\t\t<\/div>\n\t\t\t\t<div class=\"elementor-element elementor-element-d07c71b elementor-align-center elementor-widget elementor-widget-button\" data-id=\"d07c71b\" data-element_type=\"widget\" data-e-type=\"widget\" data-widget_type=\"button.default\">\n\t\t\t\t<div class=\"elementor-widget-container\">\n\t\t\t\t\t\t\t\t\t<div class=\"elementor-button-wrapper\">\n\t\t\t\t\t<a class=\"elementor-button elementor-button-link elementor-size-sm\" href=\"https:\/\/dpe-energietechnik.de\/home\/hackgut\/\">\n\t\t\t\t\t\t<span class=\"elementor-button-content-wrapper\">\n\t\t\t\t\t\t<span class=\"elementor-button-icon\">\n\t\t\t\t<i aria-hidden=\"true\" class=\"fas fa-angle-right\"><\/i>\t\t\t<\/span>\n\t\t\t\t\t\t\t\t\t<span class=\"elementor-button-text\">hier entdecken<\/span>\n\t\t\t\t\t<\/span>\n\t\t\t\t\t<\/a>\n\t\t\t\t<\/div>\n\t\t\t\t\t\t\t\t<\/div>\n\t\t\t\t<\/div>\n\t\t\t\t\t<\/div>\n\t\t<\/div>\n\t\t\t\t<div class=\"elementor-column elementor-col-50 elementor-top-column elementor-element elementor-element-3d72eb7\" data-id=\"3d72eb7\" data-element_type=\"column\" data-e-type=\"column\">\n\t\t\t<div class=\"elementor-widget-wrap elementor-element-populated\">\n\t\t\t\t\t\t<div class=\"elementor-element elementor-element-17308c4 elementor-widget elementor-widget-spacer\" data-id=\"17308c4\" data-element_type=\"widget\" data-e-type=\"widget\" data-widget_type=\"spacer.default\">\n\t\t\t\t<div class=\"elementor-widget-container\">\n\t\t\t\t\t\t\t<div class=\"elementor-spacer\">\n\t\t\t<div class=\"elementor-spacer-inner\"><\/div>\n\t\t<\/div>\n\t\t\t\t\t\t<\/div>\n\t\t\t\t<\/div>\n\t\t\t\t<div class=\"elementor-element elementor-element-45aa8cf elementor-widget elementor-widget-image\" data-id=\"45aa8cf\" data-element_type=\"widget\" data-e-type=\"widget\" data-widget_type=\"image.default\">\n\t\t\t\t<div class=\"elementor-widget-container\">\n\t\t\t\t\t\t\t\t\t\t\t\t\t\t\t<img decoding=\"async\" width=\"275\" height=\"300\" src=\"https:\/\/dpe-energietechnik.de\/wp-content\/uploads\/2023\/02\/ETA_eHACK_20-80_DE_UN-275x300.png\" class=\"attachment-medium size-medium wp-image-453\" alt=\"\" srcset=\"https:\/\/dpe-energietechnik.de\/wp-content\/uploads\/2023\/02\/ETA_eHACK_20-80_DE_UN-275x300.png 275w, https:\/\/dpe-energietechnik.de\/wp-content\/uploads\/2023\/02\/ETA_eHACK_20-80_DE_UN-940x1024.png 940w, https:\/\/dpe-energietechnik.de\/wp-content\/uploads\/2023\/02\/ETA_eHACK_20-80_DE_UN-768x836.png 768w, https:\/\/dpe-energietechnik.de\/wp-content\/uploads\/2023\/02\/ETA_eHACK_20-80_DE_UN.png 1000w\" sizes=\"(max-width: 275px) 100vw, 275px\" \/>\t\t\t\t\t\t\t\t\t\t\t\t\t\t\t<\/div>\n\t\t\t\t<\/div>\n\t\t\t\t\t<\/div>\n\t\t<\/div>\n\t\t\t\t\t<\/div>\n\t\t<\/section>\n\t\t\t\t<section class=\"elementor-section elementor-top-section elementor-element elementor-element-1aefeb5 elementor-section-boxed elementor-section-height-default elementor-section-height-default\" data-id=\"1aefeb5\" data-element_type=\"section\" data-e-type=\"section\">\n\t\t\t\t\t\t<div class=\"elementor-container elementor-column-gap-default\">\n\t\t\t\t\t<div class=\"elementor-column elementor-col-100 elementor-top-column elementor-element elementor-element-70cec8b\" data-id=\"70cec8b\" data-element_type=\"column\" data-e-type=\"column\">\n\t\t\t<div class=\"elementor-widget-wrap elementor-element-populated\">\n\t\t\t\t\t\t<div class=\"elementor-element elementor-element-a08f28f elementor-widget-divider--view-line elementor-widget elementor-widget-divider\" data-id=\"a08f28f\" data-element_type=\"widget\" data-e-type=\"widget\" data-widget_type=\"divider.default\">\n\t\t\t\t<div class=\"elementor-widget-container\">\n\t\t\t\t\t\t\t<div class=\"elementor-divider\">\n\t\t\t<span class=\"elementor-divider-separator\">\n\t\t\t\t\t\t<\/span>\n\t\t<\/div>\n\t\t\t\t\t\t<\/div>\n\t\t\t\t<\/div>\n\t\t\t\t\t<\/div>\n\t\t<\/div>\n\t\t\t\t\t<\/div>\n\t\t<\/section>\n\t\t\t\t<section class=\"elementor-section elementor-top-section elementor-element elementor-element-00ff182 elementor-section-boxed elementor-section-height-default elementor-section-height-default\" data-id=\"00ff182\" data-element_type=\"section\" data-e-type=\"section\">\n\t\t\t\t\t\t<div class=\"elementor-container elementor-column-gap-default\">\n\t\t\t\t\t<div class=\"elementor-column elementor-col-50 elementor-top-column elementor-element elementor-element-17e8c58\" data-id=\"17e8c58\" data-element_type=\"column\" data-e-type=\"column\">\n\t\t\t<div class=\"elementor-widget-wrap elementor-element-populated\">\n\t\t\t\t\t\t<div class=\"elementor-element elementor-element-03b77d1 elementor-widget elementor-widget-spacer\" data-id=\"03b77d1\" data-element_type=\"widget\" data-e-type=\"widget\" data-widget_type=\"spacer.default\">\n\t\t\t\t<div class=\"elementor-widget-container\">\n\t\t\t\t\t\t\t<div class=\"elementor-spacer\">\n\t\t\t<div class=\"elementor-spacer-inner\"><\/div>\n\t\t<\/div>\n\t\t\t\t\t\t<\/div>\n\t\t\t\t<\/div>\n\t\t\t\t<div class=\"elementor-element elementor-element-d89669a elementor-widget elementor-widget-image\" data-id=\"d89669a\" data-element_type=\"widget\" data-e-type=\"widget\" data-widget_type=\"image.default\">\n\t\t\t\t<div class=\"elementor-widget-container\">\n\t\t\t\t\t\t\t\t\t\t\t\t\t\t\t<img decoding=\"async\" width=\"193\" height=\"300\" src=\"https:\/\/dpe-energietechnik.de\/wp-content\/uploads\/2023\/02\/ETA_SH_20-60_DE-193x300.png\" class=\"attachment-medium size-medium wp-image-461\" alt=\"\" srcset=\"https:\/\/dpe-energietechnik.de\/wp-content\/uploads\/2023\/02\/ETA_SH_20-60_DE-193x300.png 193w, https:\/\/dpe-energietechnik.de\/wp-content\/uploads\/2023\/02\/ETA_SH_20-60_DE-659x1024.png 659w, https:\/\/dpe-energietechnik.de\/wp-content\/uploads\/2023\/02\/ETA_SH_20-60_DE-768x1194.png 768w, https:\/\/dpe-energietechnik.de\/wp-content\/uploads\/2023\/02\/ETA_SH_20-60_DE-988x1536.png 988w, https:\/\/dpe-energietechnik.de\/wp-content\/uploads\/2023\/02\/ETA_SH_20-60_DE.png 1000w\" sizes=\"(max-width: 193px) 100vw, 193px\" \/>\t\t\t\t\t\t\t\t\t\t\t\t\t\t\t<\/div>\n\t\t\t\t<\/div>\n\t\t\t\t\t<\/div>\n\t\t<\/div>\n\t\t\t\t<div class=\"elementor-column elementor-col-50 elementor-top-column elementor-element elementor-element-adb7bab\" data-id=\"adb7bab\" data-element_type=\"column\" data-e-type=\"column\">\n\t\t\t<div class=\"elementor-widget-wrap elementor-element-populated\">\n\t\t\t\t\t\t<div class=\"elementor-element elementor-element-a6c6c44 elementor-widget elementor-widget-heading\" data-id=\"a6c6c44\" data-element_type=\"widget\" data-e-type=\"widget\" data-widget_type=\"heading.default\">\n\t\t\t\t<div class=\"elementor-widget-container\">\n\t\t\t\t\t<h2 class=\"elementor-heading-title elementor-size-default\">St\u00fcckholzkessel<\/h2>\t\t\t\t<\/div>\n\t\t\t\t<\/div>\n\t\t\t\t<div class=\"elementor-element elementor-element-059d165 elementor-widget elementor-widget-text-editor\" data-id=\"059d165\" data-element_type=\"widget\" data-e-type=\"widget\" data-widget_type=\"text-editor.default\">\n\t\t\t\t<div class=\"elementor-widget-container\">\n\t\t\t\t\t\t\t\t\t<h2 class=\"elementor-heading-title elementor-size-default elementor-inline-editing pen\" style=\"font-family: Arial, sans-serif; font-variant-caps: normal; font-size: 21px; font-style: normal; font-weight: 600; text-align: center;\" data-elementor-setting-key=\"title\" data-pen-placeholder=\"Eingabe hier...\">ETA SH 20 bis 60 kW<\/h2><h2 class=\"elementor-heading-title elementor-size-default elementor-inline-editing pen\" style=\"font-family: Arial, sans-serif; font-variant-caps: normal; font-size: 21px; font-style: normal; font-weight: 600; text-align: center;\" data-elementor-setting-key=\"title\" data-pen-placeholder=\"Eingabe hier...\">ETA SH-P 20 bis 60 kW mit TWIN 20 bis 50kW<\/h2><div><p><br \/>Der\u00a0<strong>ETA SH<\/strong>\u00a0Kessel ist f\u00fcr Einfamilien-, Mehrfamilienh\u00e4user und Bauernh\u00f6fen geeignet.<span class=\"apple-converted-space\">\u00a0<\/span><br \/>Der hocheffektive Kessel wird mit Scheitholz betrieben und im normal Fall m\u00fcssen Sie nur einmal am Tag Holz nachlegen. Herrschen sehr kalte Tage m\u00fcsste vielleicht zweimal am Tag nachgelegt werden. Den\u00a0<strong>ETA SH\u00a0<\/strong>Kessel erhalten Sie mit einer Leistung ab 20 kW bis 60 kW.<\/p><\/div>\t\t\t\t\t\t\t\t<\/div>\n\t\t\t\t<\/div>\n\t\t\t\t<div class=\"elementor-element elementor-element-678bdbb elementor-align-center elementor-widget elementor-widget-button\" data-id=\"678bdbb\" data-element_type=\"widget\" data-e-type=\"widget\" data-widget_type=\"button.default\">\n\t\t\t\t<div class=\"elementor-widget-container\">\n\t\t\t\t\t\t\t\t\t<div class=\"elementor-button-wrapper\">\n\t\t\t\t\t<a class=\"elementor-button elementor-button-link elementor-size-sm\" href=\"https:\/\/dpe-energietechnik.de\/home\/pellet\/\">\n\t\t\t\t\t\t<span class=\"elementor-button-content-wrapper\">\n\t\t\t\t\t\t<span class=\"elementor-button-icon\">\n\t\t\t\t<i aria-hidden=\"true\" class=\"fas fa-angle-right\"><\/i>\t\t\t<\/span>\n\t\t\t\t\t\t\t\t\t<span class=\"elementor-button-text\">hier entdecken<\/span>\n\t\t\t\t\t<\/span>\n\t\t\t\t\t<\/a>\n\t\t\t\t<\/div>\n\t\t\t\t\t\t\t\t<\/div>\n\t\t\t\t<\/div>\n\t\t\t\t\t<\/div>\n\t\t<\/div>\n\t\t\t\t\t<\/div>\n\t\t<\/section>\n\t\t\t\t<\/div>\n\t\t","protected":false},"excerpt":{"rendered":"<p>Eine Heizungsanlage die zu ihnen passt. Entdecken Sie individuelle Heizungssysteme, abgestimmt f\u00fcr ihr Geb\u00e4ude. Mit ETA Heizungstechnik GmbH haben Sie nicht nur modernste Technik, sondern schaffen nachhaltig und umweltfreundlich Energie.\u00a0 [&hellip;]<\/p>\n","protected":false},"author":1,"featured_media":0,"parent":0,"menu_order":0,"comment_status":"closed","ping_status":"closed","template":"elementor_header_footer","meta":{"footnotes":""},"class_list":["post-571","page","type-page","status-publish","hentry"],"_links":{"self":[{"href":"https:\/\/dpe-energietechnik.de\/home\/wp-json\/wp\/v2\/pages\/571","targetHints":{"allow":["GET"]}}],"collection":[{"href":"https:\/\/dpe-energietechnik.de\/home\/wp-json\/wp\/v2\/pages"}],"about":[{"href":"https:\/\/dpe-energietechnik.de\/home\/wp-json\/wp\/v2\/types\/page"}],"author":[{"embeddable":true,"href":"https:\/\/dpe-energietechnik.de\/home\/wp-json\/wp\/v2\/users\/1"}],"replies":[{"embeddable":true,"href":"https:\/\/dpe-energietechnik.de\/home\/wp-json\/wp\/v2\/comments?post=571"}],"version-history":[{"count":125,"href":"https:\/\/dpe-energietechnik.de\/home\/wp-json\/wp\/v2\/pages\/571\/revisions"}],"predecessor-version":[{"id":1518,"href":"https:\/\/dpe-energietechnik.de\/home\/wp-json\/wp\/v2\/pages\/571\/revisions\/1518"}],"wp:attachment":[{"href":"https:\/\/dpe-energietechnik.de\/home\/wp-json\/wp\/v2\/media?parent=571"}],"curies":[{"name":"wp","href":"https:\/\/api.w.org\/{rel}","templated":true}]}}