{"id":574,"date":"2023-02-27T11:13:11","date_gmt":"2023-02-27T11:13:11","guid":{"rendered":"https:\/\/dpe-energietechnik.de\/home\/?page_id=574"},"modified":"2023-04-12T09:32:50","modified_gmt":"2023-04-12T09:32:50","slug":"sanitaer","status":"publish","type":"page","link":"https:\/\/dpe-energietechnik.de\/home\/sanitaer\/","title":{"rendered":"Sanit\u00e4r"},"content":{"rendered":"\t\t<div data-elementor-type=\"wp-page\" data-elementor-id=\"574\" class=\"elementor elementor-574\">\n\t\t\t\t\t\t<section class=\"elementor-section elementor-top-section elementor-element elementor-element-bafb5f0 elementor-section-boxed elementor-section-height-default elementor-section-height-default\" data-id=\"bafb5f0\" data-element_type=\"section\" data-e-type=\"section\">\n\t\t\t\t\t\t<div class=\"elementor-container elementor-column-gap-default\">\n\t\t\t\t\t<div class=\"elementor-column elementor-col-100 elementor-top-column elementor-element elementor-element-d3863e0\" data-id=\"d3863e0\" data-element_type=\"column\" data-e-type=\"column\">\n\t\t\t<div class=\"elementor-widget-wrap elementor-element-populated\">\n\t\t\t\t\t\t<div class=\"elementor-element elementor-element-7738631 elementor-widget elementor-widget-text-editor\" data-id=\"7738631\" data-element_type=\"widget\" data-e-type=\"widget\" data-widget_type=\"text-editor.default\">\n\t\t\t\t<div class=\"elementor-widget-container\">\n\t\t\t\t\t\t\t\t\t<p><strong>Ihr Bad der Tr\u00e4ume<\/strong><\/p><p>Ein Badezimmer ist nicht nur ein Raum, wo wir uns waschen und erfrischen. Ein Badezimmer ist ein Ort zum wohlf\u00fchlen und entspannen. Also ein kleiner SPA-Raum. Damit die Entspannung und das Abschalten gelingt, sollte das Badezimmer ihre W\u00fcnsche und Bed\u00fcrfnisse erf\u00fcllen.\u00a0<\/p><p>Sprechen Sie uns gerne an und wir finden eine L\u00f6sung, ihre Wellness-Oase zu erschaffen.\u00a0<\/p>\t\t\t\t\t\t\t\t<\/div>\n\t\t\t\t<\/div>\n\t\t\t\t\t<\/div>\n\t\t<\/div>\n\t\t\t\t\t<\/div>\n\t\t<\/section>\n\t\t\t\t<section class=\"elementor-section elementor-top-section elementor-element elementor-element-4f214e6 elementor-section-boxed elementor-section-height-default elementor-section-height-default\" data-id=\"4f214e6\" data-element_type=\"section\" data-e-type=\"section\">\n\t\t\t\t\t\t<div class=\"elementor-container elementor-column-gap-default\">\n\t\t\t\t\t<div class=\"elementor-column elementor-col-100 elementor-top-column elementor-element elementor-element-605f512\" data-id=\"605f512\" data-element_type=\"column\" data-e-type=\"column\">\n\t\t\t<div class=\"elementor-widget-wrap elementor-element-populated\">\n\t\t\t\t\t\t<div class=\"elementor-element elementor-element-5784d5f elementor-widget elementor-widget-image\" data-id=\"5784d5f\" data-element_type=\"widget\" data-e-type=\"widget\" data-widget_type=\"image.default\">\n\t\t\t\t<div class=\"elementor-widget-container\">\n\t\t\t\t\t\t\t\t\t\t\t\t\t\t\t<img fetchpriority=\"high\" decoding=\"async\" width=\"768\" height=\"512\" src=\"https:\/\/dpe-energietechnik.de\/wp-content\/uploads\/2023\/04\/bathroom-ge2cfe59a9_1920-768x512.jpg\" class=\"attachment-medium_large size-medium_large wp-image-1551\" alt=\"\" srcset=\"https:\/\/dpe-energietechnik.de\/wp-content\/uploads\/2023\/04\/bathroom-ge2cfe59a9_1920-768x512.jpg 768w, https:\/\/dpe-energietechnik.de\/wp-content\/uploads\/2023\/04\/bathroom-ge2cfe59a9_1920-300x200.jpg 300w, https:\/\/dpe-energietechnik.de\/wp-content\/uploads\/2023\/04\/bathroom-ge2cfe59a9_1920-1024x683.jpg 1024w, https:\/\/dpe-energietechnik.de\/wp-content\/uploads\/2023\/04\/bathroom-ge2cfe59a9_1920-1536x1024.jpg 1536w, https:\/\/dpe-energietechnik.de\/wp-content\/uploads\/2023\/04\/bathroom-ge2cfe59a9_1920.jpg 1920w\" sizes=\"(max-width: 768px) 100vw, 768px\" \/>\t\t\t\t\t\t\t\t\t\t\t\t\t\t\t<\/div>\n\t\t\t\t<\/div>\n\t\t\t\t\t<\/div>\n\t\t<\/div>\n\t\t\t\t\t<\/div>\n\t\t<\/section>\n\t\t\t\t<\/div>\n\t\t","protected":false},"excerpt":{"rendered":"<p>Ihr Bad der Tr\u00e4ume Ein Badezimmer ist nicht nur ein Raum, wo wir uns waschen und erfrischen. Ein Badezimmer ist ein Ort zum wohlf\u00fchlen und entspannen. Also ein kleiner SPA-Raum. [&hellip;]<\/p>\n","protected":false},"author":1,"featured_media":0,"parent":0,"menu_order":0,"comment_status":"closed","ping_status":"closed","template":"elementor_header_footer","meta":{"footnotes":""},"class_list":["post-574","page","type-page","status-publish","hentry"],"_links":{"self":[{"href":"https:\/\/dpe-energietechnik.de\/home\/wp-json\/wp\/v2\/pages\/574","targetHints":{"allow":["GET"]}}],"collection":[{"href":"https:\/\/dpe-energietechnik.de\/home\/wp-json\/wp\/v2\/pages"}],"about":[{"href":"https:\/\/dpe-energietechnik.de\/home\/wp-json\/wp\/v2\/types\/page"}],"author":[{"embeddable":true,"href":"https:\/\/dpe-energietechnik.de\/home\/wp-json\/wp\/v2\/users\/1"}],"replies":[{"embeddable":true,"href":"https:\/\/dpe-energietechnik.de\/home\/wp-json\/wp\/v2\/comments?post=574"}],"version-history":[{"count":10,"href":"https:\/\/dpe-energietechnik.de\/home\/wp-json\/wp\/v2\/pages\/574\/revisions"}],"predecessor-version":[{"id":1571,"href":"https:\/\/dpe-energietechnik.de\/home\/wp-json\/wp\/v2\/pages\/574\/revisions\/1571"}],"wp:attachment":[{"href":"https:\/\/dpe-energietechnik.de\/home\/wp-json\/wp\/v2\/media?parent=574"}],"curies":[{"name":"wp","href":"https:\/\/api.w.org\/{rel}","templated":true}]}}