{"id":583,"date":"2023-02-27T11:15:58","date_gmt":"2023-02-27T11:15:58","guid":{"rendered":"https:\/\/dpe-energietechnik.de\/home\/?page_id=583"},"modified":"2023-03-31T09:23:50","modified_gmt":"2023-03-31T09:23:50","slug":"hackgut","status":"publish","type":"page","link":"https:\/\/dpe-energietechnik.de\/home\/hackgut\/","title":{"rendered":"Hackgut"},"content":{"rendered":"\t\t<div data-elementor-type=\"wp-page\" data-elementor-id=\"583\" class=\"elementor elementor-583\">\n\t\t\t\t\t\t<section class=\"elementor-section elementor-top-section elementor-element elementor-element-e6ef372 elementor-section-boxed elementor-section-height-default elementor-section-height-default\" data-id=\"e6ef372\" data-element_type=\"section\" data-e-type=\"section\">\n\t\t\t\t\t\t<div class=\"elementor-container elementor-column-gap-default\">\n\t\t\t\t\t<div class=\"elementor-column elementor-col-100 elementor-top-column elementor-element elementor-element-2895ba8\" data-id=\"2895ba8\" data-element_type=\"column\" data-e-type=\"column\">\n\t\t\t<div class=\"elementor-widget-wrap elementor-element-populated\">\n\t\t\t\t\t\t<div class=\"elementor-element elementor-element-a7d194c elementor-widget elementor-widget-text-editor\" data-id=\"a7d194c\" data-element_type=\"widget\" data-e-type=\"widget\" data-widget_type=\"text-editor.default\">\n\t\t\t\t<div class=\"elementor-widget-container\">\n\t\t\t\t\t\t\t\t\t<p style=\"text-align: center;\">Sie m\u00f6chten erfahren, ob eine Hachgutanlage das richtige f\u00fcr Sie ist? <br \/>Hier sind die wichtigsten Informationen zu den Heizkessel, <br \/>wenn Sie dennoch fragen haben, rufen Sie uns gerne an. <br \/>Wir beraten Sie gerne.<\/p>\t\t\t\t\t\t\t\t<\/div>\n\t\t\t\t<\/div>\n\t\t\t\t\t<\/div>\n\t\t<\/div>\n\t\t\t\t\t<\/div>\n\t\t<\/section>\n\t\t\t\t<section class=\"elementor-section elementor-top-section elementor-element elementor-element-1f7909b elementor-section-boxed elementor-section-height-default elementor-section-height-default\" data-id=\"1f7909b\" data-element_type=\"section\" data-e-type=\"section\">\n\t\t\t\t\t\t<div class=\"elementor-container elementor-column-gap-default\">\n\t\t\t\t\t<div class=\"elementor-column elementor-col-100 elementor-top-column elementor-element elementor-element-aded469\" data-id=\"aded469\" data-element_type=\"column\" data-e-type=\"column\">\n\t\t\t<div class=\"elementor-widget-wrap elementor-element-populated\">\n\t\t\t\t\t\t<div class=\"elementor-element elementor-element-f15129a elementor-widget elementor-widget-spacer\" data-id=\"f15129a\" data-element_type=\"widget\" data-e-type=\"widget\" data-widget_type=\"spacer.default\">\n\t\t\t\t<div class=\"elementor-widget-container\">\n\t\t\t\t\t\t\t<div class=\"elementor-spacer\">\n\t\t\t<div class=\"elementor-spacer-inner\"><\/div>\n\t\t<\/div>\n\t\t\t\t\t\t<\/div>\n\t\t\t\t<\/div>\n\t\t\t\t\t<\/div>\n\t\t<\/div>\n\t\t\t\t\t<\/div>\n\t\t<\/section>\n\t\t\t\t<section class=\"elementor-section elementor-top-section elementor-element elementor-element-96d2c06 elementor-section-boxed elementor-section-height-default elementor-section-height-default\" data-id=\"96d2c06\" data-element_type=\"section\" data-e-type=\"section\">\n\t\t\t\t\t\t<div class=\"elementor-container elementor-column-gap-default\">\n\t\t\t\t\t<div class=\"elementor-column elementor-col-100 elementor-top-column elementor-element elementor-element-5149aa3\" data-id=\"5149aa3\" data-element_type=\"column\" data-e-type=\"column\">\n\t\t\t<div class=\"elementor-widget-wrap elementor-element-populated\">\n\t\t\t\t\t\t<div class=\"elementor-element elementor-element-b628703 elementor-widget elementor-widget-heading\" data-id=\"b628703\" data-element_type=\"widget\" data-e-type=\"widget\" data-widget_type=\"heading.default\">\n\t\t\t\t<div class=\"elementor-widget-container\">\n\t\t\t\t\t<h2 class=\"elementor-heading-title elementor-size-default\">ETA Hackgutkessel<\/h2>\t\t\t\t<\/div>\n\t\t\t\t<\/div>\n\t\t\t\t\t<\/div>\n\t\t<\/div>\n\t\t\t\t\t<\/div>\n\t\t<\/section>\n\t\t\t\t<section class=\"elementor-section elementor-top-section elementor-element elementor-element-7d4596c elementor-section-boxed elementor-section-height-default elementor-section-height-default\" data-id=\"7d4596c\" data-element_type=\"section\" data-e-type=\"section\">\n\t\t\t\t\t\t<div class=\"elementor-container elementor-column-gap-default\">\n\t\t\t\t\t<div class=\"elementor-column elementor-col-100 elementor-top-column elementor-element elementor-element-5f00ee4\" data-id=\"5f00ee4\" data-element_type=\"column\" data-e-type=\"column\">\n\t\t\t<div class=\"elementor-widget-wrap elementor-element-populated\">\n\t\t\t\t\t\t<div class=\"elementor-element elementor-element-784d24e elementor-tabs-view-horizontal elementor-widget elementor-widget-tabs\" data-id=\"784d24e\" data-element_type=\"widget\" data-e-type=\"widget\" data-widget_type=\"tabs.default\">\n\t\t\t\t<div class=\"elementor-widget-container\">\n\t\t\t\t\t\t\t<div class=\"elementor-tabs\">\n\t\t\t<div class=\"elementor-tabs-wrapper\" role=\"tablist\" >\n\t\t\t\t\t\t\t\t\t<div id=\"elementor-tab-title-1261\" class=\"elementor-tab-title elementor-tab-desktop-title\" aria-selected=\"true\" data-tab=\"1\" role=\"tab\" tabindex=\"0\" aria-controls=\"elementor-tab-content-1261\" aria-expanded=\"false\">ETA eHACK Varianten<\/div>\n\t\t\t\t\t\t\t\t\t<div id=\"elementor-tab-title-1262\" class=\"elementor-tab-title elementor-tab-desktop-title\" aria-selected=\"false\" data-tab=\"2\" role=\"tab\" tabindex=\"-1\" aria-controls=\"elementor-tab-content-1262\" aria-expanded=\"false\">Hackgutlager<\/div>\n\t\t\t\t\t\t\t\t\t<div id=\"elementor-tab-title-1263\" class=\"elementor-tab-title elementor-tab-desktop-title\" aria-selected=\"false\" data-tab=\"3\" role=\"tab\" tabindex=\"-1\" aria-controls=\"elementor-tab-content-1263\" aria-expanded=\"false\">Funktion<\/div>\n\t\t\t\t\t\t\t\t\t<div id=\"elementor-tab-title-1264\" class=\"elementor-tab-title elementor-tab-desktop-title\" aria-selected=\"false\" data-tab=\"4\" role=\"tab\" tabindex=\"-1\" aria-controls=\"elementor-tab-content-1264\" aria-expanded=\"false\">Steuerung<\/div>\n\t\t\t\t\t\t\t\t\t<div id=\"elementor-tab-title-1265\" class=\"elementor-tab-title elementor-tab-desktop-title\" aria-selected=\"false\" data-tab=\"5\" role=\"tab\" tabindex=\"-1\" aria-controls=\"elementor-tab-content-1265\" aria-expanded=\"false\">Kontakt<\/div>\n\t\t\t\t\t\t\t<\/div>\n\t\t\t<div class=\"elementor-tabs-content-wrapper\" role=\"tablist\" aria-orientation=\"vertical\">\n\t\t\t\t\t\t\t\t\t<div class=\"elementor-tab-title elementor-tab-mobile-title\" aria-selected=\"true\" data-tab=\"1\" role=\"tab\" tabindex=\"0\" aria-controls=\"elementor-tab-content-1261\" aria-expanded=\"false\">ETA eHACK Varianten<\/div>\n\t\t\t\t\t<div id=\"elementor-tab-content-1261\" class=\"elementor-tab-content elementor-clearfix\" data-tab=\"1\" role=\"tabpanel\" aria-labelledby=\"elementor-tab-title-1261\" tabindex=\"0\" hidden=\"false\"><div><p>Der\u00a0<strong>ETA eHack<\/strong><span class=\"apple-converted-space\">\u00a0<\/span>Kessel\u00a0ist f\u00fcr die Landwirtschaft, Unternehmen sowie W\u00e4rmenetze geeignet.\u00a0Die Leistung des Kessels liegt bei\u00a020 kW bis 240 kW. F\u00fcr ein effizientes Heiz-und Warmwassersystem sorgt die Schaltzentrale.\u00a0<\/p><\/div><div><p>Der<span class=\"apple-converted-space\">\u00a0<\/span><strong>\u00a0ETA eHack\u00a0<\/strong>Kessel ist kompatibel mit einer\u00a0Solaranlage, Warmwasserbereitungsanlage und einem Pufferspeicher mit Frischwassermodul. Die W\u00e4rme k\u00f6nnen Sie mit Radiatoren, oder \u00fcber eine Fu\u00dfbodenheizung oder Wandheizung \u00fcbertragen.<\/p><\/div><div><p>Via Touchscreen am Kessel oder \u00fcber den Computer, Smartphone k\u00f6nnen Sie den ETA eHack Kessel leicht bedienen.<\/p><\/div><p>Den <strong>ETA eHACK<\/strong> betrieben, mit Hackgut erhalten Sie in verschiedenen kW Leistungen. Wegen den verschieden Leistungsarten \u00a0ist der <strong>ETA eHACK<\/strong> in mehreren Bereichen zur Nutzung geeignet.\u00a0<\/p><\/div>\n\t\t\t\t\t\t\t\t\t<div class=\"elementor-tab-title elementor-tab-mobile-title\" aria-selected=\"false\" data-tab=\"2\" role=\"tab\" tabindex=\"-1\" aria-controls=\"elementor-tab-content-1262\" aria-expanded=\"false\">Hackgutlager<\/div>\n\t\t\t\t\t<div id=\"elementor-tab-content-1262\" class=\"elementor-tab-content elementor-clearfix\" data-tab=\"2\" role=\"tabpanel\" aria-labelledby=\"elementor-tab-title-1262\" tabindex=\"0\" hidden=\"hidden\"><p>Die Gestaltung des Hackgutlagers bestimmt wie gut der Transport von Brennstoff zum Kessel &nbsp;ist.&nbsp;<br>Das Fr\u00fchwerk kann sich baulichen Gegebenheiten anpassen. Optimal w\u00e4r ein H\u00f6henunterschied zwischen Hackgutlager und Heizraum, damit das R\u00fchrwerk eben laufen kann. Ein schr\u00e4ger Transportverlauf ist jedoch kein Problem, die F\u00fc\u00dfe vom R\u00fchrwerksteller k\u00f6nnen verstellt werden. Damit kann die Neigung des F\u00f6rdersystems passgenau eingestellt werden.<\/p><\/div>\n\t\t\t\t\t\t\t\t\t<div class=\"elementor-tab-title elementor-tab-mobile-title\" aria-selected=\"false\" data-tab=\"3\" role=\"tab\" tabindex=\"-1\" aria-controls=\"elementor-tab-content-1263\" aria-expanded=\"false\">Funktion<\/div>\n\t\t\t\t\t<div id=\"elementor-tab-content-1263\" class=\"elementor-tab-content elementor-clearfix\" data-tab=\"3\" role=\"tabpanel\" aria-labelledby=\"elementor-tab-title-1263\" tabindex=\"0\" hidden=\"hidden\"><p><strong>Wie aus Hackgut W\u00e4rme entsteht.<\/strong><\/p>\n<p><strong>1. R\u00fchrwerk:<\/strong><br>Das Bodenr\u00fchrwerk kann je nach Lagerraumgr\u00f6\u00dfe in einem Durchmesser von 1,5 m &#8211; 4,0 m mit Blattfedern oder bei 4,5 m &#8211; 6,0 m mit Knickarm eingebaut werden.<\/p>\n<p><strong>2. Freilaufgelenk:<\/strong><br>Das Freilaufgelenk sch\u00fctz &nbsp;die Blattfedern. Sobald die Brennstoffzuf\u00fchrung blockiert ist und die Schnecke r\u00fcckw\u00e4rts dreht, entkoppelt das Gelenk den R\u00fchrteller von der Schnecke.&nbsp;<\/p>\n<p><strong>3. Offener Trogkanal:<\/strong><br>Grobes Hackgut wird leise, verschlei\u00dfarm und stromsparend bef\u00f6rdert, wegen des gro\u00dfz\u00fcgigen Trogquerschnitts, der progressiven Schnecke und der speziellen Troggeometrie<\/p>\n<p><strong>4. Flexibles Baukastensystem:<\/strong><br>Der Brennstofftransport kann individuell angepasst werden. Die Montage ist schnell und einfach und kann dank des kraftschl\u00fcssigen Zapfwellenprofilen einfach zusammengesteckt werden.<\/p>\n<p><strong>5. Stirnadgetriebemotoren:<\/strong><br>Sie sorgen f\u00fcr den Antrieb des gesamten Transportsystem inklusive R\u00fchrwerk. Sobald zu viel Energie f\u00fcr den Transport verbraucht wird, weil eine Blockade im System ist, erkennt die Regelung durch die aktive Strom\u00fcberwachung&nbsp;<\/p>\n<p><strong>6. Kugelverbindung beim Fallschacht:<\/strong>&nbsp;<br>Sie sorgt f\u00fcr eine flexible Verbindung zwischen Transportsystem und Kessel. An die bauliche Situation kann die Neigung und der Winkel angepasst werden.&nbsp;<\/p>\n<p><strong>7. Patentierte Einkammer-Zellradschleuse:<\/strong><br>F\u00fcr h\u00f6chste Sicherheit sorgt die patentierte Einkammer-Zellradschleuse. Sie verhindert einen R\u00fcckbrand durch den automatischen Zellradstopps. Die Kammer wird nur im Stillstand gef\u00fcllt.<\/p>\n<p><strong>8. Steigende Stokerschnecke:&nbsp;<\/strong><br>Wegen des gro\u00dfen Durchmessers transportiert sie auch grobes Hackgut ohne Widerstand in den Brennraum.<\/p>\n<p><strong>9. Saugzuggebl\u00e4se:<\/strong><br>Das Saugzuggebl\u00e4se sorgt f\u00fcr einen Unterdruck im Kessel und regelt die Luftmenge.<\/p>\n<p><strong>10. W\u00e4rmetauscherreinigung:<\/strong><br>Der W\u00e4rmetauscher wird mit Wirbulatoren vollautomatisch gereinigt.<\/p>\n<p><strong>11. Prim\u00e4r- und Sekund\u00e4rluftklappe:<\/strong><br>Damit immer die ideale Luft Menge&nbsp;f\u00fcr die&nbsp;Verbrennung in die Brennkammer gelangt, &nbsp;sorgen die beiden Klappen, die \u00fcber die Lambdasonde gesteuert werden.<\/p>\n<p><strong>12. Hei\u00dfe Brennkammer:<\/strong><br>Damit die Brennkammer vollst\u00e4ndig von der Asche befreit wird, dreht sich der Segmentrost automatisch 360\u00b0. Somit f\u00e4llt die Asche reibungslos hinunter.<\/p>\n<p><strong>13. Vollautomatische Entmischung in die Aschbox:<\/strong><br>Die Ascheschnecke bef\u00f6rdert die Asche von der Brennkammer, W\u00e4rmetauscher und den optionalen Partikelabschneider in die Aschebox.<\/p>\n<p><strong>14. Integrierte R\u00fccklaufanhebung:<\/strong><br>sorgt f\u00fcr eine schnelle, platz- und kostensparende Montage<\/p>\n<p><img fetchpriority=\"high\" decoding=\"async\" class=\"alignnone size-medium wp-image-988\" src=\"https:\/\/dpe-energietechnik.de\/wp-content\/uploads\/2023\/03\/ETA_eHACK_Schnitt-300x271.png\" alt=\"\" width=\"300\" height=\"271\" srcset=\"https:\/\/dpe-energietechnik.de\/wp-content\/uploads\/2023\/03\/ETA_eHACK_Schnitt-300x271.png 300w, https:\/\/dpe-energietechnik.de\/wp-content\/uploads\/2023\/03\/ETA_eHACK_Schnitt.png 633w\" sizes=\"(max-width: 300px) 100vw, 300px\" \/><\/p>\n<p><\/p><\/div>\n\t\t\t\t\t\t\t\t\t<div class=\"elementor-tab-title elementor-tab-mobile-title\" aria-selected=\"false\" data-tab=\"4\" role=\"tab\" tabindex=\"-1\" aria-controls=\"elementor-tab-content-1264\" aria-expanded=\"false\">Steuerung<\/div>\n\t\t\t\t\t<div id=\"elementor-tab-content-1264\" class=\"elementor-tab-content elementor-clearfix\" data-tab=\"4\" role=\"tabpanel\" aria-labelledby=\"elementor-tab-title-1264\" tabindex=\"0\" hidden=\"hidden\"><p><strong>ETA Heiztechnik GmbH<\/strong> hat den Touchscreen benutzerfreundlich entwickelt. Mit einfachen Symbolen ist der ETAtouch schnell zu verstehen. Mit eindeutigen Icons ist es ihnen m\u00f6glich, am Kessel selber, PC, Handy oder Tablet verschiedene Einstellungen zu t\u00e4tigen.<br \/>Sie regeln nicht nur den Kessel, sonder haben auch wichtige Komponenten wie z. B Pufferspeicher, Solaranlagen, Pelletslager und Warmwasserbereitung im Blick.\u00a0<\/p><p><strong>Internetplattform meinETA<br \/><\/strong>Loggen Sie sich unter www.meinETA.at ein, damit Sie ihren Kessel aus der Ferne bedienen k\u00f6nnen. Sie k\u00f6nnen den F\u00fcllstand ihres Pelletslagers einsehen, das der Aschebeh\u00e4lter geleert werden muss oder der Heizungsservice ansteht. meinETA erinnert Sie kostenlos per Mail daran. \u00a0<strong><br \/><\/strong><\/p><p><strong>Technische Voraussetzung<br \/><\/strong>Damit Sie meinETA nutzen k\u00f6nnen, muss ihr Kessel mit dem Netzwerk verbunden werden. Sollten Sie keine Netzwerkverbindung im Raum haben, wo der Kessel steht, k\u00f6nnen Sie die Verbindung \u00fcber ETA PowerLine herstellen. Die Daten werden bequem \u00fcber \u00a0die Steckdose an das Modem \u00fcbertragen.<\/p><p><strong>Display<\/strong><br \/>Die ETAtouch Regelung bietet viele Einstellungen\/ \u00dcbersichten an. Ohne Mehrpreis erhalten Sie bereits s\u00e4mtliche Funktionen f\u00fcr zwei Heizkreise, die Warmwasserbereitung \u00fcber Speicher oder Frischwassermodul sowie die Integration einer Solaranlage.\u00a0<\/p><\/div>\n\t\t\t\t\t\t\t\t\t<div class=\"elementor-tab-title elementor-tab-mobile-title\" aria-selected=\"false\" data-tab=\"5\" role=\"tab\" tabindex=\"-1\" aria-controls=\"elementor-tab-content-1265\" aria-expanded=\"false\">Kontakt<\/div>\n\t\t\t\t\t<div id=\"elementor-tab-content-1265\" class=\"elementor-tab-content elementor-clearfix\" data-tab=\"5\" role=\"tabpanel\" aria-labelledby=\"elementor-tab-title-1265\" tabindex=\"0\" hidden=\"hidden\"><p>Sie haben Fragen oder m\u00f6chten einen Termin vereinbaren?<br \/>Dann rufen Sie uns an oder schreiben Sie eine E-Mail.<\/p><p><strong>Kontakt<\/strong><\/p><p>Tel.: 0461 500 899 90<\/p><p>E-Mail: <a href=\"mailto:info@dpe-energietechnik.de\">info@dpe-energietechnik.de<\/a><\/p><\/div>\n\t\t\t\t\t\t\t<\/div>\n\t\t<\/div>\n\t\t\t\t\t\t<\/div>\n\t\t\t\t<\/div>\n\t\t\t\t\t<\/div>\n\t\t<\/div>\n\t\t\t\t\t<\/div>\n\t\t<\/section>\n\t\t\t\t<section class=\"elementor-section elementor-top-section elementor-element elementor-element-5318fa6 elementor-section-boxed elementor-section-height-default elementor-section-height-default\" data-id=\"5318fa6\" data-element_type=\"section\" data-e-type=\"section\">\n\t\t\t\t\t\t<div class=\"elementor-container elementor-column-gap-default\">\n\t\t\t\t\t<div class=\"elementor-column elementor-col-25 elementor-top-column elementor-element elementor-element-f96a8b4\" data-id=\"f96a8b4\" data-element_type=\"column\" data-e-type=\"column\">\n\t\t\t<div class=\"elementor-widget-wrap\">\n\t\t\t\t\t\t\t<\/div>\n\t\t<\/div>\n\t\t\t\t<div class=\"elementor-column elementor-col-25 elementor-top-column elementor-element elementor-element-dc37b91\" data-id=\"dc37b91\" data-element_type=\"column\" data-e-type=\"column\">\n\t\t\t<div class=\"elementor-widget-wrap elementor-element-populated\">\n\t\t\t\t\t\t<div class=\"elementor-element elementor-element-fd61e58 elementor-widget elementor-widget-image\" data-id=\"fd61e58\" data-element_type=\"widget\" data-e-type=\"widget\" data-widget_type=\"image.default\">\n\t\t\t\t<div class=\"elementor-widget-container\">\n\t\t\t\t\t\t\t\t\t\t\t\t\t\t\t<img decoding=\"async\" width=\"150\" height=\"150\" src=\"https:\/\/dpe-energietechnik.de\/wp-content\/uploads\/2023\/02\/ETA_eHACK_20-80_DE_UN-150x150.png\" class=\"attachment-thumbnail size-thumbnail wp-image-453\" alt=\"\" \/>\t\t\t\t\t\t\t\t\t\t\t\t\t\t\t<\/div>\n\t\t\t\t<\/div>\n\t\t\t\t\t<\/div>\n\t\t<\/div>\n\t\t\t\t<div class=\"elementor-column elementor-col-25 elementor-top-column elementor-element elementor-element-6622c66\" data-id=\"6622c66\" data-element_type=\"column\" data-e-type=\"column\">\n\t\t\t<div class=\"elementor-widget-wrap elementor-element-populated\">\n\t\t\t\t\t\t<div class=\"elementor-element elementor-element-7bdd9c1 elementor-widget elementor-widget-image\" data-id=\"7bdd9c1\" data-element_type=\"widget\" data-e-type=\"widget\" data-widget_type=\"image.default\">\n\t\t\t\t<div class=\"elementor-widget-container\">\n\t\t\t\t\t\t\t\t\t\t\t\t\t\t\t<img decoding=\"async\" width=\"150\" height=\"150\" src=\"https:\/\/dpe-energietechnik.de\/wp-content\/uploads\/2023\/03\/ETA_eHACK_Schnitt-150x150.jpeg\" class=\"attachment-thumbnail size-thumbnail wp-image-984\" alt=\"\" \/>\t\t\t\t\t\t\t\t\t\t\t\t\t\t\t<\/div>\n\t\t\t\t<\/div>\n\t\t\t\t\t<\/div>\n\t\t<\/div>\n\t\t\t\t<div class=\"elementor-column elementor-col-25 elementor-top-column elementor-element elementor-element-e02b2e0\" data-id=\"e02b2e0\" data-element_type=\"column\" data-e-type=\"column\">\n\t\t\t<div class=\"elementor-widget-wrap\">\n\t\t\t\t\t\t\t<\/div>\n\t\t<\/div>\n\t\t\t\t\t<\/div>\n\t\t<\/section>\n\t\t\t\t<section class=\"elementor-section elementor-top-section elementor-element elementor-element-de1b9e2 elementor-section-boxed elementor-section-height-default elementor-section-height-default\" data-id=\"de1b9e2\" data-element_type=\"section\" data-e-type=\"section\">\n\t\t\t\t\t\t<div class=\"elementor-container elementor-column-gap-default\">\n\t\t\t\t\t<div class=\"elementor-column elementor-col-100 elementor-top-column elementor-element elementor-element-fa91444\" data-id=\"fa91444\" data-element_type=\"column\" data-e-type=\"column\">\n\t\t\t<div class=\"elementor-widget-wrap elementor-element-populated\">\n\t\t\t\t\t\t<div class=\"elementor-element elementor-element-d256c39 elementor-widget elementor-widget-text-editor\" data-id=\"d256c39\" data-element_type=\"widget\" data-e-type=\"widget\" data-widget_type=\"text-editor.default\">\n\t\t\t\t<div class=\"elementor-widget-container\">\n\t\t\t\t\t\t\t\t\t<p style=\"text-align: center;\"><em><strong>Bilder und Informationen von ETA Heiztechnik GmbH<\/strong><\/em><\/p>\t\t\t\t\t\t\t\t<\/div>\n\t\t\t\t<\/div>\n\t\t\t\t\t<\/div>\n\t\t<\/div>\n\t\t\t\t\t<\/div>\n\t\t<\/section>\n\t\t\t\t<\/div>\n\t\t","protected":false},"excerpt":{"rendered":"<p>Sie m\u00f6chten erfahren, ob eine Hachgutanlage das richtige f\u00fcr Sie ist? Hier sind die wichtigsten Informationen zu den Heizkessel, wenn Sie dennoch fragen haben, rufen Sie uns gerne an. Wir [&hellip;]<\/p>\n","protected":false},"author":1,"featured_media":0,"parent":0,"menu_order":0,"comment_status":"closed","ping_status":"closed","template":"elementor_header_footer","meta":{"footnotes":""},"class_list":["post-583","page","type-page","status-publish","hentry"],"_links":{"self":[{"href":"https:\/\/dpe-energietechnik.de\/home\/wp-json\/wp\/v2\/pages\/583","targetHints":{"allow":["GET"]}}],"collection":[{"href":"https:\/\/dpe-energietechnik.de\/home\/wp-json\/wp\/v2\/pages"}],"about":[{"href":"https:\/\/dpe-energietechnik.de\/home\/wp-json\/wp\/v2\/types\/page"}],"author":[{"embeddable":true,"href":"https:\/\/dpe-energietechnik.de\/home\/wp-json\/wp\/v2\/users\/1"}],"replies":[{"embeddable":true,"href":"https:\/\/dpe-energietechnik.de\/home\/wp-json\/wp\/v2\/comments?post=583"}],"version-history":[{"count":58,"href":"https:\/\/dpe-energietechnik.de\/home\/wp-json\/wp\/v2\/pages\/583\/revisions"}],"predecessor-version":[{"id":1529,"href":"https:\/\/dpe-energietechnik.de\/home\/wp-json\/wp\/v2\/pages\/583\/revisions\/1529"}],"wp:attachment":[{"href":"https:\/\/dpe-energietechnik.de\/home\/wp-json\/wp\/v2\/media?parent=583"}],"curies":[{"name":"wp","href":"https:\/\/api.w.org\/{rel}","templated":true}]}}