{"id":587,"date":"2023-02-27T11:16:55","date_gmt":"2023-02-27T11:16:55","guid":{"rendered":"https:\/\/dpe-energietechnik.de\/home\/?page_id=587"},"modified":"2023-03-28T10:54:16","modified_gmt":"2023-03-28T10:54:16","slug":"biogas","status":"publish","type":"page","link":"https:\/\/dpe-energietechnik.de\/home\/biogas\/","title":{"rendered":"Biogas"},"content":{"rendered":"\t\t<div data-elementor-type=\"wp-page\" data-elementor-id=\"587\" class=\"elementor elementor-587\">\n\t\t\t\t\t\t<section class=\"elementor-section elementor-top-section elementor-element elementor-element-6d2cfd7 elementor-section-boxed elementor-section-height-default elementor-section-height-default\" data-id=\"6d2cfd7\" data-element_type=\"section\" data-e-type=\"section\">\n\t\t\t\t\t\t<div class=\"elementor-container elementor-column-gap-default\">\n\t\t\t\t\t<div class=\"elementor-column elementor-col-100 elementor-top-column elementor-element elementor-element-92d31e0\" data-id=\"92d31e0\" data-element_type=\"column\" data-e-type=\"column\">\n\t\t\t<div class=\"elementor-widget-wrap elementor-element-populated\">\n\t\t\t\t\t\t<div class=\"elementor-element elementor-element-a627295 elementor-tabs-view-horizontal elementor-widget elementor-widget-tabs\" data-id=\"a627295\" data-element_type=\"widget\" data-e-type=\"widget\" data-widget_type=\"tabs.default\">\n\t\t\t\t<div class=\"elementor-widget-container\">\n\t\t\t\t\t\t\t<div class=\"elementor-tabs\">\n\t\t\t<div class=\"elementor-tabs-wrapper\" role=\"tablist\" >\n\t\t\t\t\t\t\t\t\t<div id=\"elementor-tab-title-1741\" class=\"elementor-tab-title elementor-tab-desktop-title\" aria-selected=\"true\" data-tab=\"1\" role=\"tab\" tabindex=\"0\" aria-controls=\"elementor-tab-content-1741\" aria-expanded=\"false\">Was ist eine Biogasanlage<\/div>\n\t\t\t\t\t\t\t\t\t<div id=\"elementor-tab-title-1742\" class=\"elementor-tab-title elementor-tab-desktop-title\" aria-selected=\"false\" data-tab=\"2\" role=\"tab\" tabindex=\"-1\" aria-controls=\"elementor-tab-content-1742\" aria-expanded=\"false\">Funktion<\/div>\n\t\t\t\t\t\t\t\t\t<div id=\"elementor-tab-title-1743\" class=\"elementor-tab-title elementor-tab-desktop-title\" aria-selected=\"false\" data-tab=\"3\" role=\"tab\" tabindex=\"-1\" aria-controls=\"elementor-tab-content-1743\" aria-expanded=\"false\">Kontakt<\/div>\n\t\t\t\t\t\t\t<\/div>\n\t\t\t<div class=\"elementor-tabs-content-wrapper\" role=\"tablist\" aria-orientation=\"vertical\">\n\t\t\t\t\t\t\t\t\t<div class=\"elementor-tab-title elementor-tab-mobile-title\" aria-selected=\"true\" data-tab=\"1\" role=\"tab\" tabindex=\"0\" aria-controls=\"elementor-tab-content-1741\" aria-expanded=\"false\">Was ist eine Biogasanlage<\/div>\n\t\t\t\t\t<div id=\"elementor-tab-content-1741\" class=\"elementor-tab-content elementor-clearfix\" data-tab=\"1\" role=\"tabpanel\" aria-labelledby=\"elementor-tab-title-1741\" tabindex=\"0\" hidden=\"false\"><p>Eine Biogasanlage erzeugt W\u00e4rme und Strom durch organische Stoffe. Mithilfe der anaeroben Verg\u00e4rung werden die pflanzlichen und tierischen Produkte von Bakterien abgebaut. Das daraus entstehende Biogas kann f\u00fcr Strom und W\u00e4rme aufbereitet werden.\u00a0<\/p><\/div>\n\t\t\t\t\t\t\t\t\t<div class=\"elementor-tab-title elementor-tab-mobile-title\" aria-selected=\"false\" data-tab=\"2\" role=\"tab\" tabindex=\"-1\" aria-controls=\"elementor-tab-content-1742\" aria-expanded=\"false\">Funktion<\/div>\n\t\t\t\t\t<div id=\"elementor-tab-content-1742\" class=\"elementor-tab-content elementor-clearfix\" data-tab=\"2\" role=\"tabpanel\" aria-labelledby=\"elementor-tab-title-1742\" tabindex=\"0\" hidden=\"hidden\"><p><strong>Wie aus Biogas Strom und W\u00e4rme entsteht<\/strong><\/p><p><strong>1. Vorgrube<\/strong><br \/>Die Substrate werden in der Vorgruppe gesammelt und Vorbereitet. Substrate k\u00f6nnen Viehmist, Energiepflanzen oder Bioabfall sein.<\/p><p><strong>2. Fermenter<\/strong><br \/>Die Biomasse gelangt in den Fermenter. Mithilfe von Mikroorganismen werden die Substrate luftdicht und w\u00e4rmeisoliert zum Faulen gebracht.\u00a0<\/p><p><strong>3. G\u00e4rresrelager<\/strong><br \/>Die vergorene Biomasse wird in das G\u00e4rrestelager gelagert. Es kann sofort als D\u00fcnger verwendet werden. Das entstandene Biogas wird in der Haube des Fermenters gelagert f\u00fcr die Weiterverarbeitung zu Strom und W\u00e4rme.<\/p><p><strong>4. Blockheizkraftwerk<\/strong><br \/>Das Biogas wird in einem Gasmotor verbrannt und anschlie\u00dfend zu Strom und W\u00e4rmeerzeugung umgewandelt.\u00a0<\/p><\/div>\n\t\t\t\t\t\t\t\t\t<div class=\"elementor-tab-title elementor-tab-mobile-title\" aria-selected=\"false\" data-tab=\"3\" role=\"tab\" tabindex=\"-1\" aria-controls=\"elementor-tab-content-1743\" aria-expanded=\"false\">Kontakt<\/div>\n\t\t\t\t\t<div id=\"elementor-tab-content-1743\" class=\"elementor-tab-content elementor-clearfix\" data-tab=\"3\" role=\"tabpanel\" aria-labelledby=\"elementor-tab-title-1743\" tabindex=\"0\" hidden=\"hidden\"><p>Sie haben Fragen oder m\u00f6chten einen Termin vereinbaren?<br \/>Dann rufen Sie uns an oder schreiben Sie eine E-Mail.<\/p><p><strong>Kontakt<\/strong><\/p><p>Tel.: 0461 500 899 90<\/p><p>E-Mail: <a href=\"mailto:info@dpe-energietechnik.de\">info@dpe-energietechnik.de<\/a><\/p><\/div>\n\t\t\t\t\t\t\t<\/div>\n\t\t<\/div>\n\t\t\t\t\t\t<\/div>\n\t\t\t\t<\/div>\n\t\t\t\t\t<\/div>\n\t\t<\/div>\n\t\t\t\t\t<\/div>\n\t\t<\/section>\n\t\t\t\t<section class=\"elementor-section elementor-top-section elementor-element elementor-element-3df1f68 elementor-section-boxed elementor-section-height-default elementor-section-height-default\" data-id=\"3df1f68\" data-element_type=\"section\" data-e-type=\"section\">\n\t\t\t\t\t\t<div class=\"elementor-container elementor-column-gap-default\">\n\t\t\t\t\t<div class=\"elementor-column elementor-col-100 elementor-top-column elementor-element elementor-element-6bce30f\" data-id=\"6bce30f\" data-element_type=\"column\" data-e-type=\"column\">\n\t\t\t<div class=\"elementor-widget-wrap elementor-element-populated\">\n\t\t\t\t\t\t<div class=\"elementor-element elementor-element-61d15fb elementor-widget elementor-widget-image\" data-id=\"61d15fb\" data-element_type=\"widget\" data-e-type=\"widget\" data-widget_type=\"image.default\">\n\t\t\t\t<div class=\"elementor-widget-container\">\n\t\t\t\t\t\t\t\t\t\t\t\t\t\t\t<img fetchpriority=\"high\" decoding=\"async\" width=\"768\" height=\"432\" src=\"https:\/\/dpe-energietechnik.de\/wp-content\/uploads\/2023\/03\/Folie1.png\" class=\"attachment-large size-large wp-image-1206\" alt=\"\" srcset=\"https:\/\/dpe-energietechnik.de\/wp-content\/uploads\/2023\/03\/Folie1.png 850w, https:\/\/dpe-energietechnik.de\/wp-content\/uploads\/2023\/03\/Folie1-300x169.png 300w, https:\/\/dpe-energietechnik.de\/wp-content\/uploads\/2023\/03\/Folie1-768x432.png 768w\" sizes=\"(max-width: 768px) 100vw, 768px\" \/>\t\t\t\t\t\t\t\t\t\t\t\t\t\t\t<\/div>\n\t\t\t\t<\/div>\n\t\t\t\t\t<\/div>\n\t\t<\/div>\n\t\t\t\t\t<\/div>\n\t\t<\/section>\n\t\t\t\t<\/div>\n\t\t","protected":false},"excerpt":{"rendered":"<p>Was ist eine Biogasanlage Funktion Kontakt Was ist eine Biogasanlage Eine Biogasanlage erzeugt W\u00e4rme und Strom durch organische Stoffe. Mithilfe der anaeroben Verg\u00e4rung werden die pflanzlichen und tierischen Produkte von [&hellip;]<\/p>\n","protected":false},"author":1,"featured_media":0,"parent":0,"menu_order":0,"comment_status":"closed","ping_status":"closed","template":"elementor_header_footer","meta":{"footnotes":""},"class_list":["post-587","page","type-page","status-publish","hentry"],"_links":{"self":[{"href":"https:\/\/dpe-energietechnik.de\/home\/wp-json\/wp\/v2\/pages\/587","targetHints":{"allow":["GET"]}}],"collection":[{"href":"https:\/\/dpe-energietechnik.de\/home\/wp-json\/wp\/v2\/pages"}],"about":[{"href":"https:\/\/dpe-energietechnik.de\/home\/wp-json\/wp\/v2\/types\/page"}],"author":[{"embeddable":true,"href":"https:\/\/dpe-energietechnik.de\/home\/wp-json\/wp\/v2\/users\/1"}],"replies":[{"embeddable":true,"href":"https:\/\/dpe-energietechnik.de\/home\/wp-json\/wp\/v2\/comments?post=587"}],"version-history":[{"count":10,"href":"https:\/\/dpe-energietechnik.de\/home\/wp-json\/wp\/v2\/pages\/587\/revisions"}],"predecessor-version":[{"id":1212,"href":"https:\/\/dpe-energietechnik.de\/home\/wp-json\/wp\/v2\/pages\/587\/revisions\/1212"}],"wp:attachment":[{"href":"https:\/\/dpe-energietechnik.de\/home\/wp-json\/wp\/v2\/media?parent=587"}],"curies":[{"name":"wp","href":"https:\/\/api.w.org\/{rel}","templated":true}]}}